{"id":9289,"date":"2022-10-08T12:52:53","date_gmt":"2022-10-08T12:52:53","guid":{"rendered":"https:\/\/iarthis.iarthislab.eu\/?page_id=9289"},"modified":"2022-10-08T12:53:44","modified_gmt":"2022-10-08T12:53:44","slug":"manuela-garcia-lirio","status":"publish","type":"page","link":"https:\/\/humartech.uma.es\/iarthislab\/miembros\/manuela-garcia-lirio\/","title":{"rendered":"MANUELA GARC\u00cdA LIRIO"},"content":{"rendered":"\n<style type=\"text\/css\" data-created_by=\"avia_inline_auto\" id=\"style-css-av-av_section-4446a279b973662f3f99c4b5bd8eee94\">\n.avia-section.av-av_section-4446a279b973662f3f99c4b5bd8eee94{\nbackground-repeat:no-repeat;\nbackground-image:url(https:\/\/humartech.uma.es\/iarthislab\/wp-content\/uploads\/2018\/03\/pattern-top-400.jpg);\nbackground-position:50% 0%;\nbackground-attachment:fixed;\n}\n.avia-section.av-av_section-4446a279b973662f3f99c4b5bd8eee94 .av-section-color-overlay{\nopacity:0.1;\nbackground-color:#ffffff;\n}\n<\/style>\n<div id='av_section_1'  class='avia-section av-av_section-4446a279b973662f3f99c4b5bd8eee94 main_color avia-section-no-padding avia-no-border-styling  avia-builder-el-0  el_before_av_one_fourth  avia-builder-el-first  avia-bg-style-fixed av-section-color-overlay-active av-minimum-height av-minimum-height-custom av-height-custom  container_wrap sidebar_right'  data-section-bg-repeat='no-repeat' data-av_minimum_height_px='220'><div class=\"av-section-color-overlay-wrap\"><div class=\"av-section-color-overlay\"><\/div><div class='container av-section-cont-open' style='height:220px'><main  role=\"main\" itemprop=\"mainContentOfPage\"  class='template-page content  av-content-small alpha units'><div class='post-entry post-entry-type-page post-entry-9289'><div class='entry-content-wrapper clearfix'>\n\n<style type=\"text\/css\" data-created_by=\"avia_inline_auto\" id=\"style-css-av-l8zwzbod-672bbc149f14d90ada2e93cb65f17f8e\">\n#top .av-special-heading.av-l8zwzbod-672bbc149f14d90ada2e93cb65f17f8e{\npadding-bottom:10px;\ncolor:#a3191f;\n}\nbody .av-special-heading.av-l8zwzbod-672bbc149f14d90ada2e93cb65f17f8e .av-special-heading-tag .heading-char{\nfont-size:25px;\n}\n.av-special-heading.av-l8zwzbod-672bbc149f14d90ada2e93cb65f17f8e .special-heading-inner-border{\nborder-color:#a3191f;\n}\n.av-special-heading.av-l8zwzbod-672bbc149f14d90ada2e93cb65f17f8e .av-subheading{\nfont-size:15px;\n}\n<\/style>\n<div  class='av-special-heading av-l8zwzbod-672bbc149f14d90ada2e93cb65f17f8e av-special-heading-h2 custom-color-heading blockquote modern-quote  avia-builder-el-1  avia-builder-el-no-sibling '><h2 class='av-special-heading-tag '  itemprop=\"headline\"  >Manuela Garc\u00eda Lirio<\/h2><div class=\"special-heading-border\"><div class=\"special-heading-inner-border\"><\/div><\/div><\/div>\n<\/div><\/div><\/main><!-- close content main element --><\/div><\/div><\/div><div id='after_section_1'  class='main_color av_default_container_wrap container_wrap sidebar_right'  ><div class='container av-section-cont-open' ><div class='template-page content  av-content-small alpha units'><div class='post-entry post-entry-type-page post-entry-9289'><div class='entry-content-wrapper clearfix'>\n<style type=\"text\/css\" data-created_by=\"avia_inline_auto\" id=\"style-css-av-av_one_fourth-15d750bd1b332b34c6e70b077ebbccdf\">\n.flex_column.av-av_one_fourth-15d750bd1b332b34c6e70b077ebbccdf{\nborder-radius:0px 0px 0px 0px;\npadding:0px 0px 0px 0px;\n}\n<\/style>\n<div  class='flex_column av-av_one_fourth-15d750bd1b332b34c6e70b077ebbccdf av_one_fourth  avia-builder-el-2  el_after_av_section  el_before_av_three_fourth  avia-builder-el-first  first flex_column_div av-zero-column-padding  '     ><style type=\"text\/css\" data-created_by=\"avia_inline_auto\" id=\"style-css-av-l8zx04lj-593f131cc1a29bf1bb923fd76979c7cf\">\n.avia-image-container.av-l8zx04lj-593f131cc1a29bf1bb923fd76979c7cf img.avia_image{\nbox-shadow:none;\n}\n.avia-image-container.av-l8zx04lj-593f131cc1a29bf1bb923fd76979c7cf .av-image-caption-overlay-center{\ncolor:#ffffff;\n}\n<\/style>\n<div  class='avia-image-container av-l8zx04lj-593f131cc1a29bf1bb923fd76979c7cf av-styling- avia-align-center  avia-builder-el-3  avia-builder-el-no-sibling '   itemprop=\"image\" itemscope=\"itemscope\" itemtype=\"https:\/\/schema.org\/ImageObject\" ><div class=\"avia-image-container-inner\"><div class=\"avia-image-overlay-wrap\"><img decoding=\"async\" fetchpriority=\"high\" class='wp-image-9286 avia-img-lazy-loading-not-9286 avia_image ' src=\"https:\/\/humartech.uma.es\/iarthislab\/wp-content\/uploads\/2022\/10\/ManuelaGL-240x300.jpg\" alt='' title='ManuelaGL'  height=\"300\" width=\"240\"  itemprop=\"thumbnailUrl\" srcset=\"https:\/\/humartech.uma.es\/iarthislab\/wp-content\/uploads\/2022\/10\/ManuelaGL-240x300.jpg 240w, https:\/\/humartech.uma.es\/iarthislab\/wp-content\/uploads\/2022\/10\/ManuelaGL-768x960.jpg 768w, https:\/\/humartech.uma.es\/iarthislab\/wp-content\/uploads\/2022\/10\/ManuelaGL-824x1030.jpg 824w, https:\/\/humartech.uma.es\/iarthislab\/wp-content\/uploads\/2022\/10\/ManuelaGL-564x705.jpg 564w, https:\/\/humartech.uma.es\/iarthislab\/wp-content\/uploads\/2022\/10\/ManuelaGL.jpg 1080w\" sizes=\"(max-width: 240px) 100vw, 240px\" \/><\/div><\/div><\/div><\/div>\n<style type=\"text\/css\" data-created_by=\"avia_inline_auto\" id=\"style-css-av-av_three_fourth-c8fc129dc35fd1ae2a1e410224d39ea8\">\n.flex_column.av-av_three_fourth-c8fc129dc35fd1ae2a1e410224d39ea8{\nborder-radius:0px 0px 0px 0px;\npadding:0px 0px 0px 0px;\n}\n<\/style>\n<div  class='flex_column av-av_three_fourth-c8fc129dc35fd1ae2a1e410224d39ea8 av_three_fourth  avia-builder-el-4  el_after_av_one_fourth  el_before_av_hr  flex_column_div av-zero-column-padding  '     ><p>\n<style type=\"text\/css\" data-created_by=\"avia_inline_auto\" id=\"style-css-av-l8zx0k7i-379e25c3589a790d38d6f39006a4c56c\">\n#top .av-special-heading.av-l8zx0k7i-379e25c3589a790d38d6f39006a4c56c{\npadding-bottom:10px;\n}\nbody .av-special-heading.av-l8zx0k7i-379e25c3589a790d38d6f39006a4c56c .av-special-heading-tag .heading-char{\nfont-size:25px;\n}\n.av-special-heading.av-l8zx0k7i-379e25c3589a790d38d6f39006a4c56c .av-subheading{\nfont-size:15px;\n}\n<\/style>\n<div  class='av-special-heading av-l8zx0k7i-379e25c3589a790d38d6f39006a4c56c av-special-heading-h3  avia-builder-el-5  el_before_av_textblock  avia-builder-el-first '><h3 class='av-special-heading-tag '  itemprop=\"headline\"  >Manuela Garc\u00eda Lirio<\/h3><div class=\"special-heading-border\"><div class=\"special-heading-inner-border\"><\/div><\/div><\/div><br \/>\n<section  class='av_textblock_section av-l8zx22hs-ef8236404088c1407659c9a90ada2456 '   itemscope=\"itemscope\" itemtype=\"https:\/\/schema.org\/CreativeWork\" ><div class='avia_textblock'  itemprop=\"text\" ><p><strong>Puesto de trabajo:<\/strong> Investigadora contratada posdoctoral Margarita Salas. Departamento Historia del Arte. Universidad de M\u00e1laga.<br \/>\n<strong>P\u00e1gina web:<\/strong> http:\/\/www.historiadelartemalaga.es<br \/>\n<strong>Correo electr\u00f3nico:<\/strong> magali@uma.es<br \/>\n<strong>Grado o licenciatura:<\/strong> Historia del Arte, Universidad de Granada<br \/>\n<strong>Doctorado:<\/strong> Historia del Arte, Universidad de Granada<br \/>\n<strong>Direcci\u00f3n de contacto:<\/strong> Departamento de Historia del Arte, Facultad de Filosof\u00eda y Letras, Universidad de M\u00e1laga. Campus de Teatinos. 29071 M\u00e1laga (Espa\u00f1a)<\/p>\n<\/div><\/section><br \/>\n\n<style type=\"text\/css\" data-created_by=\"avia_inline_auto\" id=\"style-css-av-av_heading-f6a8f4a14827d44078b3de2953d645b0\">\n#top .av-special-heading.av-av_heading-f6a8f4a14827d44078b3de2953d645b0{\npadding-bottom:10px;\n}\nbody .av-special-heading.av-av_heading-f6a8f4a14827d44078b3de2953d645b0 .av-special-heading-tag .heading-char{\nfont-size:25px;\n}\n.av-special-heading.av-av_heading-f6a8f4a14827d44078b3de2953d645b0 .av-subheading{\nfont-size:15px;\n}\n<\/style>\n<div  class='av-special-heading av-av_heading-f6a8f4a14827d44078b3de2953d645b0 av-special-heading-h4  avia-builder-el-7  el_after_av_textblock  el_before_av_textblock '><h4 class='av-special-heading-tag '  itemprop=\"headline\"  >Curr\u00edculum<\/h4><div class=\"special-heading-border\"><div class=\"special-heading-inner-border\"><\/div><\/div><\/div><br \/>\n<section  class='av_textblock_section av-l8zx2h4x-602c4b6b2a1e1100c8ed7a64d5a17c12 '   itemscope=\"itemscope\" itemtype=\"https:\/\/schema.org\/CreativeWork\" ><div class='avia_textblock'  itemprop=\"text\" ><p>Doctora en Historia y Artes por la Universidad de Granada con menci\u00f3n internacional\u00a0 con la Tesis \u201cMuseos y colecciones universitarias de arte en el \u00e1mbito iberoamericano\u201d (2021). Con doble formaci\u00f3n te\u00f3rico-pr\u00e1ctica, es Licenciada en Bellas Artes (2009) y Licenciada en Historia del Arte (2015). Adem\u00e1s posee una triple formaci\u00f3n en postgrado con un M\u00e1ster en Artes Visuales y educaci\u00f3n (2011), M\u00e1ster en Historia del Arte: conocimiento y tutela del Patrimonio (2014) y M\u00e1ster en profesorado de Educaci\u00f3n Secundaria (2017). En 2020 curs\u00f3 el Diploma en Museolog\u00eda y Museograf\u00eda por la Universidad Complutense de Madrid.<\/p>\n<p>Es miembro del Consejo Internacional de Museos (ICOM), integrante del Comit\u00e9 Internacional de museos y colecciones universitarias (UMAC) y miembro del Comit\u00e9 Espa\u00f1ol de Historiadores del Arte (CEHA).<\/p>\n<p>Permanece vinculada como investigadora al Grupo HUM-806 Andaluc\u00eda- Am\u00e9rica: Patrimonio cultural y art\u00edstico del Departamento de Historia del Arte de la Universidad de Granada. Desde 2015 ha centrado su labor investigadora en la puesta en valor del patrimonio universitario iberoamericano. Esta l\u00ednea de investigaci\u00f3n le ha llevado a establecer v\u00ednculos acad\u00e9micos con m\u00e1s de medio centenar de universidades iberoamericanas. Ha participado en numerosos congresos y eventos de car\u00e1cter cient\u00edfico, tanto a nivel nacional como internacional y cuenta con publicaciones en diferentes revistas cient\u00edficas.<\/p>\n<p>Es Profesora Invitada Honoraria del programa de Maestr\u00eda y Doctorado de la Universidad Aut\u00f3noma de Zacatecas (M\u00e9xico).<\/p>\n<p>Actualmente es contratada como investigadora posdoctoral Margarita Salas en el Departamento de Historia del Arte de la Universidad de M\u00e1laga.<\/p>\n<\/div><\/section><br \/>\n\n<style type=\"text\/css\" data-created_by=\"avia_inline_auto\" id=\"style-css-av-av_hr-b47ca55064f0be7fa3f76c512fcc4f3f\">\n#top .hr.hr-invisible.av-av_hr-b47ca55064f0be7fa3f76c512fcc4f3f{\nheight:50px;\n}\n<\/style>\n<div  class='hr av-av_hr-b47ca55064f0be7fa3f76c512fcc4f3f hr-invisible  avia-builder-el-9  el_after_av_textblock  avia-builder-el-last '><span class='hr-inner '><span class=\"hr-inner-style\"><\/span><\/span><\/div><\/p><\/div>\n<style type=\"text\/css\" data-created_by=\"avia_inline_auto\" id=\"style-css-av-av_hr-4474f20d2389e2e5ecf918a02da5132e\">\n#top .hr.hr-invisible.av-av_hr-4474f20d2389e2e5ecf918a02da5132e{\nheight:50px;\n}\n<\/style>\n<div  class='hr av-av_hr-4474f20d2389e2e5ecf918a02da5132e hr-invisible  avia-builder-el-10  el_after_av_three_fourth  el_before_av_button_big  avia-builder-el-last '><span class='hr-inner '><span class=\"hr-inner-style\"><\/span><\/span><\/div><\/p>\n<div  class='avia-button-wrap avia-button-center  avia-builder-el-11  el_after_av_hr  el_before_av_hr '>\n<style type=\"text\/css\" data-created_by=\"avia_inline_auto\" id=\"style-css-av-av_button_big-e5148f5968761d377bf025ff2fa0d1ed\">\n#top #wrap_all .avia-button.av-av_button_big-e5148f5968761d377bf025ff2fa0d1ed{\ncolor:#ffffff;\ntransition:all 0.4s ease-in-out;\n}\n#top #wrap_all .avia-button.av-av_button_big-e5148f5968761d377bf025ff2fa0d1ed:hover{\nbackground-color:orange;\ncolor:#ffffff;\ntransition:all 0.4s ease-in-out;\n}\n#top #wrap_all .avia-button.av-av_button_big-e5148f5968761d377bf025ff2fa0d1ed .avia-svg-icon svg:first-child{\nfill:#ffffff;\nstroke:#ffffff;\n}\n#top #wrap_all .avia-button.av-av_button_big-e5148f5968761d377bf025ff2fa0d1ed:hover .avia-svg-icon svg:first-child{\nfill:#ffffff;\nstroke:#ffffff;\n}\n<\/style>\n<a href='https:\/\/humartech.uma.es\/iarthislab\/miembros\/' class='av-icon-on-hover avia-color-red avia-button avia-button-fullwidth av-av_button_big-e5148f5968761d377bf025ff2fa0d1ed avia-icon_select-yes-left-icon avia-color-red'   aria-label=\"VOLVER A MIEMBROS\"><span class='avia_button_icon avia_button_icon_left avia-iconfont avia-font-entypo-fontello' data-av_icon='\ue830' data-av_iconfont='entypo-fontello' ><\/span><span class='avia_iconbox_title' >VOLVER A MIEMBROS<\/span><\/a><\/div>\n\n<style type=\"text\/css\" data-created_by=\"avia_inline_auto\" id=\"style-css-av-av_hr-4474f20d2389e2e5ecf918a02da5132e\">\n#top .hr.hr-invisible.av-av_hr-4474f20d2389e2e5ecf918a02da5132e{\nheight:50px;\n}\n<\/style>\n<div  class='hr av-av_hr-4474f20d2389e2e5ecf918a02da5132e hr-invisible  avia-builder-el-12  el_after_av_button_big  avia-builder-el-no-sibling '><span class='hr-inner '><span class=\"hr-inner-style\"><\/span><\/span><\/div>\n","protected":false},"excerpt":{"rendered":"","protected":false},"author":3,"featured_media":0,"parent":7250,"menu_order":0,"comment_status":"closed","ping_status":"closed","template":"","meta":{"footnotes":""},"class_list":["post-9289","page","type-page","status-publish","hentry"],"_links":{"self":[{"href":"https:\/\/humartech.uma.es\/iarthislab\/wp-json\/wp\/v2\/pages\/9289","targetHints":{"allow":["GET"]}}],"collection":[{"href":"https:\/\/humartech.uma.es\/iarthislab\/wp-json\/wp\/v2\/pages"}],"about":[{"href":"https:\/\/humartech.uma.es\/iarthislab\/wp-json\/wp\/v2\/types\/page"}],"author":[{"embeddable":true,"href":"https:\/\/humartech.uma.es\/iarthislab\/wp-json\/wp\/v2\/users\/3"}],"replies":[{"embeddable":true,"href":"https:\/\/humartech.uma.es\/iarthislab\/wp-json\/wp\/v2\/comments?post=9289"}],"version-history":[{"count":0,"href":"https:\/\/humartech.uma.es\/iarthislab\/wp-json\/wp\/v2\/pages\/9289\/revisions"}],"up":[{"embeddable":true,"href":"https:\/\/humartech.uma.es\/iarthislab\/wp-json\/wp\/v2\/pages\/7250"}],"wp:attachment":[{"href":"https:\/\/humartech.uma.es\/iarthislab\/wp-json\/wp\/v2\/media?parent=9289"}],"curies":[{"name":"wp","href":"https:\/\/api.w.org\/{rel}","templated":true}]}}