{"id":8654,"date":"2020-05-12T18:20:57","date_gmt":"2020-05-12T18:20:57","guid":{"rendered":"https:\/\/humartech.uma.es\/iarthislab\/?page_id=8654"},"modified":"2020-05-14T15:43:02","modified_gmt":"2020-05-14T15:43:02","slug":"recursos-imagomaquia-2","status":"publish","type":"page","link":"https:\/\/humartech.uma.es\/iarthislab\/recursos-imagomaquia-2\/","title":{"rendered":"RECURSOS IMAGOMAQUIA"},"content":{"rendered":"\n<style type=\"text\/css\" data-created_by=\"avia_inline_auto\" id=\"style-css-av-mcb9u4-086ee48488d78580c27508fb53c26fe7\">\n.avia-section.av-mcb9u4-086ee48488d78580c27508fb53c26fe7{\nbackground-repeat:no-repeat;\nbackground-image:url(https:\/\/humartech.uma.es\/iarthislab\/wp-content\/uploads\/2018\/03\/pattern-top-400.jpg);\nbackground-position:50% 0%;\nbackground-attachment:fixed;\n}\n.avia-section.av-mcb9u4-086ee48488d78580c27508fb53c26fe7 .av-section-color-overlay{\nopacity:0.1;\nbackground-color:#ffffff;\n}\n<\/style>\n<div id='av_section_1'  class='avia-section av-mcb9u4-086ee48488d78580c27508fb53c26fe7 main_color avia-section-no-padding avia-no-border-styling  avia-builder-el-0  el_before_av_one_full  avia-builder-el-first  avia-bg-style-fixed av-section-color-overlay-active av-minimum-height av-minimum-height-custom av-height-custom  container_wrap sidebar_right'  data-section-bg-repeat='no-repeat' data-av_minimum_height_px='220'><div class=\"av-section-color-overlay-wrap\"><div class=\"av-section-color-overlay\"><\/div><div class='container av-section-cont-open' style='height:220px'><main  role=\"main\" itemprop=\"mainContentOfPage\"  class='template-page content  av-content-small alpha units'><div class='post-entry post-entry-type-page post-entry-8654'><div class='entry-content-wrapper clearfix'>\n\n<style type=\"text\/css\" data-created_by=\"avia_inline_auto\" id=\"style-css-av-k9soe9fq-aec0005de3e27888da8b319f04e4e419\">\n#top .av-special-heading.av-k9soe9fq-aec0005de3e27888da8b319f04e4e419{\npadding-bottom:10px;\ncolor:#a3191f;\n}\nbody .av-special-heading.av-k9soe9fq-aec0005de3e27888da8b319f04e4e419 .av-special-heading-tag .heading-char{\nfont-size:25px;\n}\n.av-special-heading.av-k9soe9fq-aec0005de3e27888da8b319f04e4e419 .special-heading-inner-border{\nborder-color:#a3191f;\n}\n.av-special-heading.av-k9soe9fq-aec0005de3e27888da8b319f04e4e419 .av-subheading{\nfont-size:15px;\n}\n<\/style>\n<div  class='av-special-heading av-k9soe9fq-aec0005de3e27888da8b319f04e4e419 av-special-heading-h2 custom-color-heading blockquote modern-quote  avia-builder-el-1  avia-builder-el-no-sibling '><h2 class='av-special-heading-tag '  itemprop=\"headline\"  >RECURSOS IMAGOMAQUIA<\/h2><div class=\"special-heading-border\"><div class=\"special-heading-inner-border\"><\/div><\/div><\/div>\n<\/div><\/div><\/main><!-- close content main element --><\/div><\/div><\/div><div id='after_section_1'  class='main_color av_default_container_wrap container_wrap sidebar_right'  ><div class='container av-section-cont-open' ><div class='template-page content  av-content-small alpha units'><div class='post-entry post-entry-type-page post-entry-8654'><div class='entry-content-wrapper clearfix'>\n\n<style type=\"text\/css\" data-created_by=\"avia_inline_auto\" id=\"style-css-av-if56l8-a9fb6802bb907c5cc563d8a5236d0164\">\n.flex_column.av-if56l8-a9fb6802bb907c5cc563d8a5236d0164{\nborder-radius:0px 0px 0px 0px;\npadding:0px 0px 0px 0px;\n}\n<\/style>\n<div  class='flex_column av-if56l8-a9fb6802bb907c5cc563d8a5236d0164 av_one_full  avia-builder-el-2  el_after_av_section  el_before_av_one_full  avia-builder-el-first  first flex_column_div av-zero-column-padding  '     ><section  class='av_textblock_section av-h8jm98-7ac4c8cc7608be506fbdd81a206c5663 '   itemscope=\"itemscope\" itemtype=\"https:\/\/schema.org\/CreativeWork\" ><div class='avia_textblock'  itemprop=\"text\" ><p>En esta secci\u00f3n, Imagomaquia os ofrece diversos recursos relacionados con las im\u00e1genes digitales y su uso. La secci\u00f3n se ir\u00e1 incrementado progresivamente. Recomendamos su consulta peri\u00f3dica.<\/p>\n<\/div><\/section><\/div>\n\n<style type=\"text\/css\" data-created_by=\"avia_inline_auto\" id=\"style-css-av-g7f0z0-33d848b6b9e522bffa118260f4b912c6\">\n.flex_column.av-g7f0z0-33d848b6b9e522bffa118260f4b912c6{\nborder-radius:0px 0px 0px 0px;\npadding:0px 0px 0px 0px;\n}\n<\/style>\n<div  class='flex_column av-g7f0z0-33d848b6b9e522bffa118260f4b912c6 av_one_full  avia-builder-el-4  el_after_av_one_full  el_before_av_one_full  first flex_column_div av-zero-column-padding  column-top-margin'     ><p><article  class='iconbox iconbox_left av-dyzsks-fbfda0e306d44fd677374f1464e75934  avia-builder-el-5  el_before_av_textblock  avia-builder-el-first '  itemscope=\"itemscope\" itemtype=\"https:\/\/schema.org\/CreativeWork\" ><div class=\"iconbox_content\"><header class=\"entry-content-header\" aria-label=\"Icon: Bancos de im\u00e1genes\"><div class='iconbox_icon heading-color avia-iconfont avia-font-entypo-fontello' data-av_icon='\ue851' data-av_iconfont='entypo-fontello'  ><\/div><h3 class='iconbox_content_title '  itemprop=\"headline\" >Bancos de im\u00e1genes<\/h3><\/header><div class='iconbox_content_container '  itemprop=\"text\" ><\/div><\/div><footer class=\"entry-footer\"><\/footer><\/article><br \/>\n<section  class='av_textblock_section av-cgf79o-c73b687899dfe28d74dccfb92cb72e13 '   itemscope=\"itemscope\" itemtype=\"https:\/\/schema.org\/CreativeWork\" ><div class='avia_textblock'  itemprop=\"text\" ><p><strong>Bancos de im\u00e1genes de pago:<\/strong><\/p>\n<ul>\n<li><a href=\"https:\/\/www.gettyimages.es\/\">Getty Images<\/a> es un banco de im\u00e1genes creado por el Getty Research Institute donde se ofrecen gran n\u00famero de im\u00e1genes, v\u00eddeos, editoriales y m\u00fasica de gran calidad. Sin embargo, la tarifa por el uso de sus productos es bastante elevada: una imagen est\u00e1ndar de tama\u00f1o grande (unos 27 mb) tiene un precio medio de 475 euros, con un royalty free. El tama\u00f1o m\u00e1s peque\u00f1o suele rondar los 50 euros. Los precios de los paquetes generales son: 10 archivos de baja calidad, 1.500 euros; de mediana calidad, 3.100 euros; en 4k y HD, 4.000 euros.<\/li>\n<li><a href=\"https:\/\/es.fotolia.com\/\">Fotolia (ahora, Adobe Stock)<\/a> es el banco de im\u00e1genes creado por Adobe. El buscador nos permite filtrar las b\u00fasquedas por tipolog\u00edas y ordenarlas. Los precios est\u00e1ndar son 10 im\u00e1genes\/mes, 30 euros; 40 im\u00e1genes\/mes, 80 euros; 750 im\u00e1genes\/mes, 160 euros. Adem\u00e1s, permite acumular licencias, por si no han sido usadas todas las im\u00e1genes durante un mes.<\/li>\n<\/ul>\n<p><strong>Banco de im\u00e1genes free:<\/strong><\/p>\n<ul>\n<li><a href=\"https:\/\/ccsearch.creativecommons.org\/\">CC Search<\/a> es un buscador bastante sencillo e intuitivo, donde puedes encontrar contenido para reutilizar de dominio p\u00fablico. Todo lo que se encuentra en este repositorio es de libre acceso. CC Search re\u00fane en un mismo buscador repositorios de im\u00e1genes libres dispersos, permitiendo el acceso, de este modo, a m\u00e1s de 300 millones de im\u00e1genes. Museos como el Cleveland Museum of Art, el MET, el Brooklyn Museum o el Rijksmuseum ceden colecciones de im\u00e1genes, que se encuentran en esta base. Adem\u00e1s, posibilita buscar de diversas formas (eso s\u00ed, b\u00fasquedas en ingl\u00e9s): por palabras exactas, empleando las comillas; por t\u00edtulo (title: \u201ccats\u201d), por licencia (license: ), por proveedor (provider: \u201cmet\u201d), por etiquetas (tags.name: ) o por combinaci\u00f3n de palabras (title: AND \/ OR \/ (NOT) ). Adem\u00e1s, en la esquina superior izquierda de cada fotograf\u00eda recuperada se nos dir\u00e1 el tipo de licencia Creative Commons a la que se atiene la imagen. Si cliqueamos en ella, nos dir\u00e1 qui\u00e9n es su creador, qu\u00e9 tipo de licencia tiene, cu\u00e1l es la fuente y cu\u00e1les sus dimensiones. Todo ello deber\u00e1 aparecer debidamente reflejado en el pie de la imagen.<\/li>\n<li><a href=\"https:\/\/www.flickr.com\/creativecommons\/\">Flickr Creative Commons.<\/a> Este repositorio aglutina las im\u00e1genes de todos sus usuarios que hayan decidido compartir libremente sus fotograf\u00edas. Estas se encuentran clasificadas seg\u00fan las diferentes condiciones Creative Commons. Dependiendo de la condici\u00f3n de cada imagen, que hemos de observar con atenci\u00f3n, podremos acudir a unas o a otras. El buscador nos permitir\u00e1 encontrar im\u00e1genes por colores, tipos de licencia (hemos de asegurarnos de seleccionar la casilla conveniente), relevancia, tama\u00f1o, fecha, orientaci\u00f3n, etc. Aqu\u00ed podremos buscar tanto en espa\u00f1ol como en ingl\u00e9s.<\/li>\n<\/ul>\n<p><strong>Banco de im\u00e1genes art\u00edstico-culturales:<\/strong><\/p>\n<ul>\n<li><a href=\"https:\/\/www.europeana.eu\/es\">Europeana<\/a>, la biblioteca digital europea, permite acceder a su banco de im\u00e1genes y buscarlas por tipos de medio, licencias, pa\u00eds proveedor, idioma, agregador (repositorio del que proviene), instituci\u00f3n, color, orientaci\u00f3n, tama\u00f1o y formato. Europeana act\u00faa a modo de aglutinador de diversos repositorios europeos, por lo que algunas de las im\u00e1genes que ofrece est\u00e1n en dominio p\u00fablico y otras no, hay que cerciorarse muy bien de las im\u00e1genes que cogemos y asegurarnos del tipo de licencia que las protegen.<\/li>\n<li><a href=\"https:\/\/www.wikiart.org\/es\">WIKIART<\/a> es un repositorio, al igual que ARTSY, que agrupa multitud de colecciones de im\u00e1genes de obras de arte dispersas a lo largo de los museos del mundo. Sus im\u00e1genes estar\u00e1n, por lo tanto, protegidas seg\u00fan la instituci\u00f3n de la que provienen. Debemos asegurarnos de cu\u00e1l es la fuente, citarla debidamente y comprobar sus licencias. Si nuestro fin fuera comercial o publicitario, deberemos solicitar permiso para su uso.<\/li>\n<\/ul>\n<\/div><\/section><\/p><\/div>\n\n<style type=\"text\/css\" data-created_by=\"avia_inline_auto\" id=\"style-css-av-a8d1jw-f3a703b6f22a8ebbdef6d335a153d383\">\n.flex_column.av-a8d1jw-f3a703b6f22a8ebbdef6d335a153d383{\nborder-radius:0px 0px 0px 0px;\npadding:0px 0px 0px 0px;\n}\n<\/style>\n<div  class='flex_column av-a8d1jw-f3a703b6f22a8ebbdef6d335a153d383 av_one_full  avia-builder-el-7  el_after_av_one_full  el_before_av_one_full  first flex_column_div av-zero-column-padding  column-top-margin'     ><p><article  class='iconbox iconbox_left av-8m77gs-f20b43d81dc137fbb97e52fa1fb79b77  avia-builder-el-8  el_before_av_textblock  avia-builder-el-first '  itemscope=\"itemscope\" itemtype=\"https:\/\/schema.org\/CreativeWork\" ><div class=\"iconbox_content\"><header class=\"entry-content-header\" aria-label=\"Icon: Legislaci\u00f3n \"><div class='iconbox_icon heading-color avia-iconfont avia-font-entypo-fontello' data-av_icon='\ue81f' data-av_iconfont='entypo-fontello'  ><\/div><h3 class='iconbox_content_title '  itemprop=\"headline\" >Legislaci\u00f3n <\/h3><\/header><div class='iconbox_content_container '  itemprop=\"text\" ><\/div><\/div><footer class=\"entry-footer\"><\/footer><\/article><br \/>\n<section  class='av_textblock_section av-7ijb58-365b8eecddbfa604cb1c3ad50f624e65 '   itemscope=\"itemscope\" itemtype=\"https:\/\/schema.org\/CreativeWork\" ><div class='avia_textblock'  itemprop=\"text\" ><p><strong>Normativa espa\u00f1ola:<\/strong><\/p>\n<ul>\n<li><a href=\"https:\/\/www.boe.es\/buscar\/act.php?id=BOE-A-1996-8930\">Ley de Propiedad Intelectual<\/a>. Real Decreto Legislativo 1\/1996, de 12 de abril, por el que se aprueba el texto refundido de la Ley de Propiedad Intelectual, regularizando, aclarando y armonizando las disposiciones legales vigentes sobre la materia.<\/li>\n<\/ul>\n<p><strong>Normativa europea:<\/strong><\/p>\n<ul>\n<li class=\"p1\"><a href=\"https:\/\/www.boe.es\/doue\/2019\/130\/L00092-00125.pdf\">DIRECTIVA (UE) 2019\/790 DEL PARLAMENTO EUROPEO Y DEL CONSEJO<\/a> de 17 de abril de 2019 sobre los derechos de autor y derechos afines en el mercado \u00fanico digital y por la que se modifican las Directivas 96\/9\/CE y 2001\/29\/CE.<\/li>\n<\/ul>\n<\/div><\/section><\/p><\/div>\n<style type=\"text\/css\" data-created_by=\"avia_inline_auto\" id=\"style-css-av-av_one_full-79ff81c021393065cee878051452f6a6\">\n.flex_column.av-av_one_full-79ff81c021393065cee878051452f6a6{\nborder-radius:0px 0px 0px 0px;\npadding:0px 0px 0px 0px;\n}\n<\/style>\n<div  class='flex_column av-av_one_full-79ff81c021393065cee878051452f6a6 av_one_full  avia-builder-el-10  el_after_av_one_full  el_before_av_one_full  first flex_column_div av-zero-column-padding  column-top-margin'     ><p><article  class='iconbox iconbox_left av-8m77gs-f5ad7c3aa6809c308b2df55937d528a3  avia-builder-el-11  el_before_av_textblock  avia-builder-el-first '  itemscope=\"itemscope\" itemtype=\"https:\/\/schema.org\/CreativeWork\" ><div class=\"iconbox_content\"><header class=\"entry-content-header\" aria-label=\"Icon: Lecturas de inter\u00e9s\"><div class='iconbox_icon heading-color avia-iconfont avia-font-entypo-fontello' data-av_icon='\ue84f' data-av_iconfont='entypo-fontello'  ><\/div><h3 class='iconbox_content_title '  itemprop=\"headline\" >Lecturas de inter\u00e9s<\/h3><\/header><div class='iconbox_content_container '  itemprop=\"text\" ><\/div><\/div><footer class=\"entry-footer\"><\/footer><\/article><br \/>\n<section  class='av_textblock_section av-7ijb58-365b8eecddbfa604cb1c3ad50f624e65 '   itemscope=\"itemscope\" itemtype=\"https:\/\/schema.org\/CreativeWork\" ><div class='avia_textblock'  itemprop=\"text\" ><p><strong>Art\u00edculos:\u00a0<\/strong><\/p>\n<ul>\n<li>Quir\u00f3s Hidalgo, Jos\u00e9 Gustavo. <a href=\"https:\/\/ruc.udc.es\/dspace\/bitstream\/handle\/2183\/2465\/AD-10-44.pdf;jsessionid=266100972EF43516EB621000319D2F5030?sequence=1\">\u00abTitularidad y transmisi\u00f3n de los derechos de autor del profesorado universitario\u00bb<\/a>.\u00a0<em>AFDUDC,\u00a0<\/em>10, 2006, pp. 871-882.<\/li>\n<li>Vives i Gr\u00e0cia, Josep. <a href=\"http:\/\/www.elprofesionaldelainformacion.com\/contenidos\/2005\/julio\/4.pdf\">\u00abAspectos de propiedad intelectual en la creaci\u00f3n y gesti\u00f3n de repositorios institucionales\u00bb<\/a>.\u00a0<em>El profesional de la informaci\u00f3n<\/em>, vol. 15, no. 4, pp. 267-278.<\/li>\n<\/ul>\n<\/div><\/section><\/p><\/div>\n<style type=\"text\/css\" data-created_by=\"avia_inline_auto\" id=\"style-css-av-5zda8c-57597be68067fab0bfc08d90e76c8f07\">\n.flex_column.av-5zda8c-57597be68067fab0bfc08d90e76c8f07{\nborder-radius:0px 0px 0px 0px;\npadding:0px 0px 0px 0px;\n}\n<\/style>\n<div  class='flex_column av-5zda8c-57597be68067fab0bfc08d90e76c8f07 av_one_full  avia-builder-el-13  el_after_av_one_full  el_before_av_one_full  first flex_column_div av-zero-column-padding  column-top-margin'     ><p><article  class='iconbox iconbox_left av-4p448s-81323d5b1e38c2248d07e06d840d2dee  avia-builder-el-14  el_before_av_textblock  avia-builder-el-first '  itemscope=\"itemscope\" itemtype=\"https:\/\/schema.org\/CreativeWork\" ><div class=\"iconbox_content\"><header class=\"entry-content-header\" aria-label=\"Icon: Otros recursos\"><div class='iconbox_icon heading-color avia-iconfont avia-font-entypo-fontello' data-av_icon='\ue85c' data-av_iconfont='entypo-fontello'  ><\/div><h3 class='iconbox_content_title '  itemprop=\"headline\" >Otros recursos<\/h3><\/header><div class='iconbox_content_container '  itemprop=\"text\" ><\/div><\/div><footer class=\"entry-footer\"><\/footer><\/article><br \/>\n<section  class='av_textblock_section av-1ypldo-ca00b85f8b929400cf8074bf4d4711b2 '   itemscope=\"itemscope\" itemtype=\"https:\/\/schema.org\/CreativeWork\" ><div class='avia_textblock'  itemprop=\"text\" ><p><b>Herramientas para evitar plagios:<\/b><\/p>\n<p><a href=\"https:\/\/tineye.com\/\">TinEye<\/a> permite comprobar en qu\u00e9 p\u00e1gina web aparece nuestra imagen, para que citemos como es debido. Se trata es un motor de b\u00fasqueda de im\u00e1genes inversas desarrollado y ofrecido por Id\u00e9e, Inc., una compa\u00f1\u00eda con sede en Toronto, Ontario, Canad\u00e1. Es el primer motor de b\u00fasqueda de im\u00e1genes en la web que utiliza tecnolog\u00eda de identificaci\u00f3n de im\u00e1genes en lugar de palabras clave, metadatos o marcas de agua.<\/p>\n<\/div><\/section><\/p><\/div><\/p>\n\n<style type=\"text\/css\" data-created_by=\"avia_inline_auto\" id=\"style-css-av-av_one_full-79ff81c021393065cee878051452f6a6\">\n.flex_column.av-av_one_full-79ff81c021393065cee878051452f6a6{\nborder-radius:0px 0px 0px 0px;\npadding:0px 0px 0px 0px;\n}\n<\/style>\n<div  class='flex_column av-av_one_full-79ff81c021393065cee878051452f6a6 av_one_full  avia-builder-el-16  el_after_av_one_full  el_before_av_one_full  first flex_column_div av-zero-column-padding  column-top-margin'     ><\/div>\n\n<style type=\"text\/css\" data-created_by=\"avia_inline_auto\" id=\"style-css-av-av_one_full-79ff81c021393065cee878051452f6a6\">\n.flex_column.av-av_one_full-79ff81c021393065cee878051452f6a6{\nborder-radius:0px 0px 0px 0px;\npadding:0px 0px 0px 0px;\n}\n<\/style>\n<div  class='flex_column av-av_one_full-79ff81c021393065cee878051452f6a6 av_one_full  avia-builder-el-17  el_after_av_one_full  avia-builder-el-last  first flex_column_div av-zero-column-padding  column-top-margin'     ><\/div>\n","protected":false},"excerpt":{"rendered":"","protected":false},"author":3,"featured_media":0,"parent":0,"menu_order":0,"comment_status":"closed","ping_status":"closed","template":"","meta":{"footnotes":""},"class_list":["post-8654","page","type-page","status-publish","hentry"],"_links":{"self":[{"href":"https:\/\/humartech.uma.es\/iarthislab\/wp-json\/wp\/v2\/pages\/8654","targetHints":{"allow":["GET"]}}],"collection":[{"href":"https:\/\/humartech.uma.es\/iarthislab\/wp-json\/wp\/v2\/pages"}],"about":[{"href":"https:\/\/humartech.uma.es\/iarthislab\/wp-json\/wp\/v2\/types\/page"}],"author":[{"embeddable":true,"href":"https:\/\/humartech.uma.es\/iarthislab\/wp-json\/wp\/v2\/users\/3"}],"replies":[{"embeddable":true,"href":"https:\/\/humartech.uma.es\/iarthislab\/wp-json\/wp\/v2\/comments?post=8654"}],"version-history":[{"count":0,"href":"https:\/\/humartech.uma.es\/iarthislab\/wp-json\/wp\/v2\/pages\/8654\/revisions"}],"wp:attachment":[{"href":"https:\/\/humartech.uma.es\/iarthislab\/wp-json\/wp\/v2\/media?parent=8654"}],"curies":[{"name":"wp","href":"https:\/\/api.w.org\/{rel}","templated":true}]}}