{"id":8612,"date":"2020-05-04T17:06:33","date_gmt":"2020-05-04T17:06:33","guid":{"rendered":"https:\/\/humartech.uma.es\/iarthislab\/?page_id=8612"},"modified":"2020-05-12T22:40:43","modified_gmt":"2020-05-12T22:40:43","slug":"recursos-dereaedificatoria","status":"publish","type":"page","link":"https:\/\/humartech.uma.es\/iarthislab\/recursos-dereaedificatoria\/","title":{"rendered":"RECURSOS DE REAEDIFICA3D"},"content":{"rendered":"\n<style type=\"text\/css\" data-created_by=\"avia_inline_auto\" id=\"style-css-av-mcb9u4-086ee48488d78580c27508fb53c26fe7\">\n.avia-section.av-mcb9u4-086ee48488d78580c27508fb53c26fe7{\nbackground-repeat:no-repeat;\nbackground-image:url(https:\/\/humartech.uma.es\/iarthislab\/wp-content\/uploads\/2018\/03\/pattern-top-400.jpg);\nbackground-position:50% 0%;\nbackground-attachment:fixed;\n}\n.avia-section.av-mcb9u4-086ee48488d78580c27508fb53c26fe7 .av-section-color-overlay{\nopacity:0.1;\nbackground-color:#ffffff;\n}\n<\/style>\n<div id='av_section_1'  class='avia-section av-mcb9u4-086ee48488d78580c27508fb53c26fe7 main_color avia-section-no-padding avia-no-border-styling  avia-builder-el-0  el_before_av_one_full  avia-builder-el-first  avia-bg-style-fixed av-section-color-overlay-active av-minimum-height av-minimum-height-custom av-height-custom  container_wrap sidebar_right'  data-section-bg-repeat='no-repeat' data-av_minimum_height_px='220'><div class=\"av-section-color-overlay-wrap\"><div class=\"av-section-color-overlay\"><\/div><div class='container av-section-cont-open' style='height:220px'><main  role=\"main\" itemprop=\"mainContentOfPage\"  class='template-page content  av-content-small alpha units'><div class='post-entry post-entry-type-page post-entry-8612'><div class='entry-content-wrapper clearfix'>\n\n<style type=\"text\/css\" data-created_by=\"avia_inline_auto\" id=\"style-css-av-ka4gbxat-2e1dc2c92fae6c39481e5274f9996531\">\n#top .av-special-heading.av-ka4gbxat-2e1dc2c92fae6c39481e5274f9996531{\npadding-bottom:10px;\ncolor:#a3191f;\n}\nbody .av-special-heading.av-ka4gbxat-2e1dc2c92fae6c39481e5274f9996531 .av-special-heading-tag .heading-char{\nfont-size:25px;\n}\n.av-special-heading.av-ka4gbxat-2e1dc2c92fae6c39481e5274f9996531 .special-heading-inner-border{\nborder-color:#a3191f;\n}\n.av-special-heading.av-ka4gbxat-2e1dc2c92fae6c39481e5274f9996531 .av-subheading{\nfont-size:15px;\n}\n<\/style>\n<div  class='av-special-heading av-ka4gbxat-2e1dc2c92fae6c39481e5274f9996531 av-special-heading-h2 custom-color-heading blockquote modern-quote  avia-builder-el-1  avia-builder-el-no-sibling '><h2 class='av-special-heading-tag '  itemprop=\"headline\"  >RECURSOS DE REAEDIFICA3D<\/h2><div class=\"special-heading-border\"><div class=\"special-heading-inner-border\"><\/div><\/div><\/div>\n<\/div><\/div><\/main><!-- close content main element --><\/div><\/div><\/div><div id='after_section_1'  class='main_color av_default_container_wrap container_wrap sidebar_right'  ><div class='container av-section-cont-open' ><div class='template-page content  av-content-small alpha units'><div class='post-entry post-entry-type-page post-entry-8612'><div class='entry-content-wrapper clearfix'>\n\n<style type=\"text\/css\" data-created_by=\"avia_inline_auto\" id=\"style-css-av-if56l8-a9fb6802bb907c5cc563d8a5236d0164\">\n.flex_column.av-if56l8-a9fb6802bb907c5cc563d8a5236d0164{\nborder-radius:0px 0px 0px 0px;\npadding:0px 0px 0px 0px;\n}\n<\/style>\n<div  class='flex_column av-if56l8-a9fb6802bb907c5cc563d8a5236d0164 av_one_full  avia-builder-el-2  el_after_av_section  el_before_av_one_full  avia-builder-el-first  first flex_column_div av-zero-column-padding  '     ><section  class='av_textblock_section av-h8jm98-7ac4c8cc7608be506fbdd81a206c5663 '   itemscope=\"itemscope\" itemtype=\"https:\/\/schema.org\/CreativeWork\" ><div class='avia_textblock'  itemprop=\"text\" ><p>En esta secci\u00f3n, De Reaedificatoria3D os ofrece diversos recursos de inter\u00e9s. La secci\u00f3n se ir\u00e1 incrementado progresivamente. Recomendamos su consulta peri\u00f3dica.<\/p>\n<\/div><\/section><\/div>\n\n<style type=\"text\/css\" data-created_by=\"avia_inline_auto\" id=\"style-css-av-g7f0z0-33d848b6b9e522bffa118260f4b912c6\">\n.flex_column.av-g7f0z0-33d848b6b9e522bffa118260f4b912c6{\nborder-radius:0px 0px 0px 0px;\npadding:0px 0px 0px 0px;\n}\n<\/style>\n<div  class='flex_column av-g7f0z0-33d848b6b9e522bffa118260f4b912c6 av_one_full  avia-builder-el-4  el_after_av_one_full  avia-builder-el-last  first flex_column_div av-zero-column-padding  column-top-margin'     ><p><article  class='iconbox iconbox_left av-dyzsks-8ac397c67387fc65e39a6e1c9f2041c4  avia-builder-el-5  el_before_av_textblock  avia-builder-el-first '  itemscope=\"itemscope\" itemtype=\"https:\/\/schema.org\/CreativeWork\" ><div class=\"iconbox_content\"><header class=\"entry-content-header\" aria-label=\"Icon: Recursos\"><div class='iconbox_icon heading-color avia-iconfont avia-font-entypo-fontello' data-av_icon='\ue851' data-av_iconfont='entypo-fontello'  ><\/div><h3 class='iconbox_content_title '  itemprop=\"headline\" >Recursos<\/h3><\/header><div class='iconbox_content_container '  itemprop=\"text\" ><\/div><\/div><footer class=\"entry-footer\"><\/footer><\/article><br \/>\n<section  class='av_textblock_section av-cgf79o-c73b687899dfe28d74dccfb92cb72e13 '   itemscope=\"itemscope\" itemtype=\"https:\/\/schema.org\/CreativeWork\" ><div class='avia_textblock'  itemprop=\"text\" ><p><b>Buscador gratuito de modelos 3D para impresi\u00f3n y otros:\u00a0<\/b><\/p>\n<p>&#8211; <a href=\"https:\/\/www.stlfinder.com\/\" target=\"_blank\" rel=\"noopener noreferrer\" data-saferedirecturl=\"https:\/\/www.google.com\/url?q=https:\/\/www.stlfinder.com\/&amp;source=gmail&amp;ust=1589403727949000&amp;usg=AFQjCNH8ULS-6ouUG3i8WGkgTfTpE4Zd7A\">https:\/\/www.stlfinder.com\/ <\/a>buscador que explora todas las webs conocidas donde hay mallas imprimibles y te las muestras seg\u00fan tu criterio de b\u00fasqueda. Es una plataforma de b\u00fasqueda conectada con los repositorios de modelos 3D m\u00e1s solicitados de todo el mundo, como son: \u00a0My Mini Factory, Turbo Squid, Shapeways, You Imagine, 3dAgogo, Share CG, Cgtrader, Thingiverse, GrabCAD o Threeding. STL Finder a\u00fana todos los archivos .stl (y otros formatos) en una \u00fanica interfaz. tambi\u00e9n incluye .obj (esencial para texturas o impresi\u00f3n 3D multicolor), as\u00ed como cualquier otro formato que se podr\u00e1 exportar sin problema a .stl con cualquier programa de dise\u00f1o. Se trata del mayor buscador de modelos 3D, listos para poder descargar. Cuenta con un sistema de actualizaci\u00f3n de modelos autom\u00e1tico y gran velocidad de carga, por lo que a cada segundo podr\u00e1s comprobar c\u00f3mo van entrando modelos nuevos.\u00a0 En la actualidad, cuenta con aproximadamente 700.000 objetos indexados, de los cu\u00e1les, m\u00e1s de la mitad son de descarga gratuita.<\/p>\n<p><b>Repositorios de modelos 3D gratuitos<\/b><\/p>\n<p>&#8211; <a href=\"https:\/\/3dwarehouse.sketchup.com\/?hl=es\" target=\"_blank\" rel=\"noopener noreferrer\" data-saferedirecturl=\"https:\/\/www.google.com\/url?q=https:\/\/3dwarehouse.sketchup.com\/?hl{8236abb0e770bb64933efc22755fcc6a15301ee0dd916860f13bedb95ccbccb7}3Des&amp;source=gmail&amp;ust=1589403727949000&amp;usg=AFQjCNFh4PwRpXDdPsa-_0iGfJ3wUtMy_g\">https:\/\/3dwarehouse.sketchup.<wbr \/>com\/?hl=es <\/a>Se trata de la biblioteca de modelos 3D gratuitos m\u00e1s grande del mundo donde encontrar objetos modelados por una comunidad de usuarios, que ofrecen sus dise\u00f1os para que ser usados en una gran variedad de programas de dise\u00f1o gr\u00e1fico o CAD. Es una extensi\u00f3n del programa de edici\u00f3n y modelado 3D Sketchup (<a href=\"https:\/\/www.sketchup.com\/es\" target=\"_blank\" rel=\"noopener noreferrer\" data-saferedirecturl=\"https:\/\/www.google.com\/url?q=https:\/\/www.sketchup.com\/es&amp;source=gmail&amp;ust=1589403727949000&amp;usg=AFQjCNHxbKUzWFHls-mhvnnZ5qeIFPupVg\">https:\/\/www.sketchup.com\/es<\/a> software que s\u00ed es de pago). Se pueden encontrar, sobre todo, modelos arquitect\u00f3nicos como Catedrales, Edificios Hist\u00f3ricos etc., modeladas con el software Sketchup.<br \/>\n&#8211; <a href=\"https:\/\/www.youmagine.com\/\" target=\"_blank\" rel=\"noopener noreferrer\" data-saferedirecturl=\"https:\/\/www.google.com\/url?q=https:\/\/www.youmagine.com\/&amp;source=gmail&amp;ust=1589403727949000&amp;usg=AFQjCNEnkPaWATHS4wDA798dbH-4iJqcTw\">https:\/\/www.youmagine.com\/ <\/a>web donde descargar modelos 3D gratis para imprimir \u00a0(propiedad de una compa\u00f1\u00eda del sector, en este caso Ultimaker)<br \/>\n&#8211; <a href=\"https:\/\/www.thingiverse.com\/\" target=\"_blank\" rel=\"noopener noreferrer\" data-saferedirecturl=\"https:\/\/www.google.com\/url?q=https:\/\/www.thingiverse.com\/&amp;source=gmail&amp;ust=1589403727949000&amp;usg=AFQjCNEvKrkGkmGaBxI_wq4OaVOuB2573g\">https:\/\/www.thingiverse.com\/ <\/a>web de descarga de modelos para imprimir en 3D. Estos dise\u00f1os son totalmente gratuitos y consisten, en su gran mayor\u00eda, en archivos STL para imprimir en 3D, aunque tambi\u00e9n los hay para grabado l\u00e1ser<br \/>\n&#8211; <a href=\"https:\/\/www.myminifactory.com\/es\/\" target=\"_blank\" rel=\"noopener noreferrer\" data-saferedirecturl=\"https:\/\/www.google.com\/url?q=https:\/\/www.myminifactory.com\/es\/&amp;source=gmail&amp;ust=1589403727949000&amp;usg=AFQjCNGCFI9Hc9XPS5bhFwA27TeDZVkGTA\">https:\/\/www.myminifactory.com\/<wbr \/>es\/ <\/a>Es una web de descarga de arhivos STL que cuenta con m\u00e1s de 40.000 modelos de 8.000 dise\u00f1adores. No hay dise\u00f1os de pago, pero a cambio se pueden hacer donaciones a los dise\u00f1adores por su trabajo.<\/p>\n<p><b>Repositorios de modelos 3D h\u00edbridos (gratuitos y de pago seg\u00fan suscripci\u00f3n) <\/b><\/p>\n<p>&#8211; <a href=\"https:\/\/sketchfab.com\/feed\" target=\"_blank\" rel=\"noopener noreferrer\" data-saferedirecturl=\"https:\/\/www.google.com\/url?q=https:\/\/sketchfab.com\/feed&amp;source=gmail&amp;ust=1589403727949000&amp;usg=AFQjCNEOkq7ReiRAIGSynO8_LB6jGzXDPA\">https:\/\/sketchfab.com\/feed<\/a> utilizado para visualizar y compartir contenido 3D en l\u00ednea. Sketchfab es un visualizador de modelos 3D. Este se usa dentro de la p\u00e1gina web de Sketchfab pero tambi\u00e9n puede ser embebido en otros sitios web externos. Sketchfab ofrece adem\u00e1s un portal comunitario, donde los visitantes pueden navegar, calificar y descarga modelos p\u00fablicos en 3D (y fotogram\u00e9tricos), as\u00ed como permite el feedback entre personas e instituciones para la descarga de dichos modelos (Muchos museos e instituciones culturales, art\u00edsticas y patrimoniales est\u00e1n virtualizando sus modelos y creando repositorios en ella en torno a sus colecciones). Los usuarios pueden hacerse sus propias colecciones a trav\u00e9s de los modelos que otros usuarios comparten en la en esta red.<br \/>\n&#8211; <a href=\"https:\/\/free3d.com\/es\/\" target=\"_blank\" rel=\"noopener noreferrer\" data-saferedirecturl=\"https:\/\/www.google.com\/url?q=https:\/\/free3d.com\/es\/&amp;source=gmail&amp;ust=1589403727949000&amp;usg=AFQjCNHtLyEc65b9ou87JtHQysehOM85yQ\">https:\/\/free3d.com\/es\/ <\/a>Comunidad donde encontrar archivos OJB (Modelos 3D) y STL. para impresi\u00f3n de forma gratuita. Tambi\u00e9n tiene una secci\u00f3n de modelos comerciales que son de pago.<br \/>\n&#8211; <a href=\"https:\/\/cults3d.com\/es\" target=\"_blank\" rel=\"noopener noreferrer\" data-saferedirecturl=\"https:\/\/www.google.com\/url?q=https:\/\/cults3d.com\/es&amp;source=gmail&amp;ust=1589403727949000&amp;usg=AFQjCNESRvBjRr_HnS3iEj_YdgxseCM87w\">https:\/\/cults3d.com\/es<\/a> Repositorio de modelos gratuitos para impresi\u00f3n 3D y que cuenta con una comunidad de intercambio de ideas, modelos e informaci\u00f3n, as\u00ed como un blog con novedades. Cuentan con una biblioteca de objetos 3D para trabajar con impresi\u00f3n 3D. Existen numerosas categor\u00edas en las que se pueden descargar modelos 3D gratuitos, open source o de pago, en formato .STL, .OBJ, .SCAD.<br \/>\n&#8211; <a href=\"https:\/\/pinshape.com\/\" target=\"_blank\" rel=\"noopener noreferrer\" data-saferedirecturl=\"https:\/\/www.google.com\/url?q=https:\/\/pinshape.com\/&amp;source=gmail&amp;ust=1589403727949000&amp;usg=AFQjCNG4pm6-5dD56rWGiQlr9KwanYgqhQ\">https:\/\/pinshape.com\/<\/a> Ofrece archivos gratuitos y premium (seg\u00fan suscripci\u00f3n) que los usuarios pueden descargar directamente para imprimir.<\/p>\n<p><b>Repositorio de modelos CAD gratuito haci\u00e9ndote miembro de la comunidad: <\/b><\/p>\n<p>&#8211; <a href=\"https:\/\/grabcad.com\/library\" target=\"_blank\" rel=\"noopener noreferrer\" data-saferedirecturl=\"https:\/\/www.google.com\/url?q=https:\/\/grabcad.com\/library&amp;source=gmail&amp;ust=1589403727949000&amp;usg=AFQjCNFTHKejenyCSI6q89p_DJueyQlRAw\">https:\/\/grabcad.com\/library <\/a>Una de las bibliotecas en l\u00ednea m\u00e1s grandes de modelos CAD en la que la comunidad comparte sus modelos y pueden ser descargados y reutilizados. Cuenta tambi\u00e9n con una tienda y un sistema din\u00e1mico de intercambio en la propia comunidad a trav\u00e9s de preguntas y respuestas de los usuarios. Cuenta, adem\u00e1s, con una secci\u00f3n de tutoriales y su propio software de impresi\u00f3n <a href=\"https:\/\/grabcad.com\/print\" target=\"_blank\" rel=\"noopener noreferrer\" data-saferedirecturl=\"https:\/\/www.google.com\/url?q=https:\/\/grabcad.com\/print&amp;source=gmail&amp;ust=1589403727949000&amp;usg=AFQjCNHs9_JNVTwqntA4l6Usrmqw8eMrtg\">https:\/\/grabcad.com\/print<\/a><\/p>\n<\/div><\/section><\/p><\/div>\n","protected":false},"excerpt":{"rendered":"","protected":false},"author":3,"featured_media":0,"parent":0,"menu_order":0,"comment_status":"closed","ping_status":"closed","template":"","meta":{"footnotes":""},"class_list":["post-8612","page","type-page","status-publish","hentry"],"_links":{"self":[{"href":"https:\/\/humartech.uma.es\/iarthislab\/wp-json\/wp\/v2\/pages\/8612","targetHints":{"allow":["GET"]}}],"collection":[{"href":"https:\/\/humartech.uma.es\/iarthislab\/wp-json\/wp\/v2\/pages"}],"about":[{"href":"https:\/\/humartech.uma.es\/iarthislab\/wp-json\/wp\/v2\/types\/page"}],"author":[{"embeddable":true,"href":"https:\/\/humartech.uma.es\/iarthislab\/wp-json\/wp\/v2\/users\/3"}],"replies":[{"embeddable":true,"href":"https:\/\/humartech.uma.es\/iarthislab\/wp-json\/wp\/v2\/comments?post=8612"}],"version-history":[{"count":0,"href":"https:\/\/humartech.uma.es\/iarthislab\/wp-json\/wp\/v2\/pages\/8612\/revisions"}],"wp:attachment":[{"href":"https:\/\/humartech.uma.es\/iarthislab\/wp-json\/wp\/v2\/media?parent=8612"}],"curies":[{"name":"wp","href":"https:\/\/api.w.org\/{rel}","templated":true}]}}