{"id":8580,"date":"2020-05-04T13:01:27","date_gmt":"2020-05-04T13:01:27","guid":{"rendered":"https:\/\/humartech.uma.es\/iarthislab\/?page_id=8580"},"modified":"2020-05-04T13:01:40","modified_gmt":"2020-05-04T13:01:40","slug":"8580-2","status":"publish","type":"page","link":"https:\/\/humartech.uma.es\/iarthislab\/miembros\/8580-2\/","title":{"rendered":"Fernando Mu\u00f1oz Mart\u00edn"},"content":{"rendered":"\n<style type=\"text\/css\" data-created_by=\"avia_inline_auto\" id=\"style-css-av-av_section-4446a279b973662f3f99c4b5bd8eee94\">\n.avia-section.av-av_section-4446a279b973662f3f99c4b5bd8eee94{\nbackground-repeat:no-repeat;\nbackground-image:url(https:\/\/humartech.uma.es\/iarthislab\/wp-content\/uploads\/2018\/03\/pattern-top-400.jpg);\nbackground-position:50% 0%;\nbackground-attachment:fixed;\n}\n.avia-section.av-av_section-4446a279b973662f3f99c4b5bd8eee94 .av-section-color-overlay{\nopacity:0.1;\nbackground-color:#ffffff;\n}\n<\/style>\n<div id='av_section_1'  class='avia-section av-av_section-4446a279b973662f3f99c4b5bd8eee94 main_color avia-section-no-padding avia-no-border-styling  avia-builder-el-0  el_before_av_one_fourth  avia-builder-el-first  avia-bg-style-fixed av-section-color-overlay-active av-minimum-height av-minimum-height-custom av-height-custom  container_wrap sidebar_right'  data-section-bg-repeat='no-repeat' data-av_minimum_height_px='220'><div class=\"av-section-color-overlay-wrap\"><div class=\"av-section-color-overlay\"><\/div><div class='container av-section-cont-open' style='height:220px'><main  role=\"main\" itemprop=\"mainContentOfPage\"  class='template-page content  av-content-small alpha units'><div class='post-entry post-entry-type-page post-entry-8580'><div class='entry-content-wrapper clearfix'>\n\n<style type=\"text\/css\" data-created_by=\"avia_inline_auto\" id=\"style-css-av-k9shiqgw-d6464cd29d80322a72fdd97d4ceaf87f\">\n#top .av-special-heading.av-k9shiqgw-d6464cd29d80322a72fdd97d4ceaf87f{\npadding-bottom:10px;\ncolor:#a3191f;\n}\nbody .av-special-heading.av-k9shiqgw-d6464cd29d80322a72fdd97d4ceaf87f .av-special-heading-tag .heading-char{\nfont-size:25px;\n}\n.av-special-heading.av-k9shiqgw-d6464cd29d80322a72fdd97d4ceaf87f .special-heading-inner-border{\nborder-color:#a3191f;\n}\n.av-special-heading.av-k9shiqgw-d6464cd29d80322a72fdd97d4ceaf87f .av-subheading{\nfont-size:15px;\n}\n<\/style>\n<div  class='av-special-heading av-k9shiqgw-d6464cd29d80322a72fdd97d4ceaf87f av-special-heading-h2 custom-color-heading blockquote modern-quote  avia-builder-el-1  avia-builder-el-no-sibling '><h2 class='av-special-heading-tag '  itemprop=\"headline\"  >Fernando Mu\u00f1oz Mart\u00edn<\/h2><div class=\"special-heading-border\"><div class=\"special-heading-inner-border\"><\/div><\/div><\/div>\n<\/div><\/div><\/main><!-- close content main element --><\/div><\/div><\/div><div id='after_section_1'  class='main_color av_default_container_wrap container_wrap sidebar_right'  ><div class='container av-section-cont-open' ><div class='template-page content  av-content-small alpha units'><div class='post-entry post-entry-type-page post-entry-8580'><div class='entry-content-wrapper clearfix'>\n<style type=\"text\/css\" data-created_by=\"avia_inline_auto\" id=\"style-css-av-av_one_fourth-15d750bd1b332b34c6e70b077ebbccdf\">\n.flex_column.av-av_one_fourth-15d750bd1b332b34c6e70b077ebbccdf{\nborder-radius:0px 0px 0px 0px;\npadding:0px 0px 0px 0px;\n}\n<\/style>\n<div  class='flex_column av-av_one_fourth-15d750bd1b332b34c6e70b077ebbccdf av_one_fourth  avia-builder-el-2  el_after_av_section  el_before_av_three_fourth  avia-builder-el-first  first flex_column_div av-zero-column-padding  '     ><style type=\"text\/css\" data-created_by=\"avia_inline_auto\" id=\"style-css-av-k9shk2jy-f34c0bbb094e346a4338db79998f68da\">\n.avia-image-container.av-k9shk2jy-f34c0bbb094e346a4338db79998f68da img.avia_image{\nbox-shadow:none;\n}\n.avia-image-container.av-k9shk2jy-f34c0bbb094e346a4338db79998f68da .av-image-caption-overlay-center{\ncolor:#ffffff;\n}\n<\/style>\n<div  class='avia-image-container av-k9shk2jy-f34c0bbb094e346a4338db79998f68da av-styling- avia-align-center  avia-builder-el-3  avia-builder-el-no-sibling '   itemprop=\"image\" itemscope=\"itemscope\" itemtype=\"https:\/\/schema.org\/ImageObject\" ><div class=\"avia-image-container-inner\"><div class=\"avia-image-overlay-wrap\"><img decoding=\"async\" fetchpriority=\"high\" class='wp-image-8581 avia-img-lazy-loading-not-8581 avia_image ' src=\"https:\/\/humartech.uma.es\/iarthislab\/wp-content\/uploads\/2020\/05\/Foto-Fernando-282x300.jpg\" alt='' title='Foto Fernando'  height=\"300\" width=\"282\"  itemprop=\"thumbnailUrl\" srcset=\"https:\/\/humartech.uma.es\/iarthislab\/wp-content\/uploads\/2020\/05\/Foto-Fernando-282x300.jpg 282w, https:\/\/humartech.uma.es\/iarthislab\/wp-content\/uploads\/2020\/05\/Foto-Fernando-768x817.jpg 768w, https:\/\/humartech.uma.es\/iarthislab\/wp-content\/uploads\/2020\/05\/Foto-Fernando-968x1030.jpg 968w, https:\/\/humartech.uma.es\/iarthislab\/wp-content\/uploads\/2020\/05\/Foto-Fernando-1444x1536.jpg 1444w, https:\/\/humartech.uma.es\/iarthislab\/wp-content\/uploads\/2020\/05\/Foto-Fernando-1925x2048.jpg 1925w, https:\/\/humartech.uma.es\/iarthislab\/wp-content\/uploads\/2020\/05\/Foto-Fernando-1410x1500.jpg 1410w, https:\/\/humartech.uma.es\/iarthislab\/wp-content\/uploads\/2020\/05\/Foto-Fernando-663x705.jpg 663w\" sizes=\"(max-width: 282px) 100vw, 282px\" \/><\/div><\/div><\/div><\/div>\n<style type=\"text\/css\" data-created_by=\"avia_inline_auto\" id=\"style-css-av-av_three_fourth-c8fc129dc35fd1ae2a1e410224d39ea8\">\n.flex_column.av-av_three_fourth-c8fc129dc35fd1ae2a1e410224d39ea8{\nborder-radius:0px 0px 0px 0px;\npadding:0px 0px 0px 0px;\n}\n<\/style>\n<div  class='flex_column av-av_three_fourth-c8fc129dc35fd1ae2a1e410224d39ea8 av_three_fourth  avia-builder-el-4  el_after_av_one_fourth  el_before_av_hr  flex_column_div av-zero-column-padding  '     ><p>\n<style type=\"text\/css\" data-created_by=\"avia_inline_auto\" id=\"style-css-av-av_heading-594ad1f1efcbe0460dc49802dc21ae6c\">\n#top .av-special-heading.av-av_heading-594ad1f1efcbe0460dc49802dc21ae6c{\npadding-bottom:10px;\n}\nbody .av-special-heading.av-av_heading-594ad1f1efcbe0460dc49802dc21ae6c .av-special-heading-tag .heading-char{\nfont-size:25px;\n}\n.av-special-heading.av-av_heading-594ad1f1efcbe0460dc49802dc21ae6c .av-subheading{\nfont-size:15px;\n}\n<\/style>\n<div  class='av-special-heading av-av_heading-594ad1f1efcbe0460dc49802dc21ae6c av-special-heading-h3  avia-builder-el-5  el_before_av_textblock  avia-builder-el-first '><h3 class='av-special-heading-tag '  itemprop=\"headline\"  >Nuria Rodr\u00edguez Ortega<\/h3><div class=\"special-heading-border\"><div class=\"special-heading-inner-border\"><\/div><\/div><\/div><br \/>\n<section  class='av_textblock_section av-k9shnjki-e7b5aa94dd03295450eabcb45dacf915 '   itemscope=\"itemscope\" itemtype=\"https:\/\/schema.org\/CreativeWork\" ><div class='avia_textblock'  itemprop=\"text\" ><p><strong>Correo electr\u00f3nico:<\/strong> fdomunozmartin@gmail.com<\/p>\n<p><strong>Grado o licenciatura:<\/strong> Historia del Arte, Universidad de M\u00e1laga<\/p>\n<p><strong>Estudios de Posgrado<\/strong>: M\u00e1ster en Desarrollos Sociales de la Cultura Art\u00edstica (Universidad de M\u00e1laga) \/ M\u00e1ster en Ciencia de Datos (Universit\u00e1 Oberta de Catalunya) (cursando)<\/p>\n<p><strong>Direcci\u00f3n de contacto:<\/strong> Departamento de Historia del Arte, Facultad de Filosof\u00eda y Letras, Universidad de M\u00e1laga. Campus de Teatinos. 29071 M\u00e1laga (Espa\u00f1a)<\/p>\n<\/div><\/section><br \/>\n\n<style type=\"text\/css\" data-created_by=\"avia_inline_auto\" id=\"style-css-av-av_heading-104c40801f89db3d94c5faa088fee931\">\n#top .av-special-heading.av-av_heading-104c40801f89db3d94c5faa088fee931{\npadding-bottom:10px;\n}\nbody .av-special-heading.av-av_heading-104c40801f89db3d94c5faa088fee931 .av-special-heading-tag .heading-char{\nfont-size:25px;\n}\n.av-special-heading.av-av_heading-104c40801f89db3d94c5faa088fee931 .av-subheading{\nfont-size:15px;\n}\n<\/style>\n<div  class='av-special-heading av-av_heading-104c40801f89db3d94c5faa088fee931 av-special-heading-h4  avia-builder-el-7  el_after_av_textblock  el_before_av_textblock '><h4 class='av-special-heading-tag '  itemprop=\"headline\"  >Curr\u00edculum<\/h4><div class=\"special-heading-border\"><div class=\"special-heading-inner-border\"><\/div><\/div><\/div><br \/>\n<section  class='av_textblock_section av-k9shpx3h-df5eb2539c032e70fb6e4d62cd8992d4 '   itemscope=\"itemscope\" itemtype=\"https:\/\/schema.org\/CreativeWork\" ><div class='avia_textblock'  itemprop=\"text\" ><p>Graduado en Historia del Arte por la Universidad de M\u00e1laga. M\u00e1ster en Desarrollos Sociales de la Cultura Art\u00edstica en la Universidad de M\u00e1laga y M\u00e1ster en Ciencia de Datos por la UOC (en curso). Certificado de estudios en Digital Art History (Universidad de M\u00e1laga \/ Universidad de Berkeley). Su l\u00ednea de investigaci\u00f3n se centra en metodolog\u00edas de an\u00e1lisis de datos a gran escala, machine learning y deep learning, temas sobre los que ha impartido distintos seminarios y cursos.<\/p>\n<\/div><\/section><br \/>\n\n<style type=\"text\/css\" data-created_by=\"avia_inline_auto\" id=\"style-css-av-av_hr-b47ca55064f0be7fa3f76c512fcc4f3f\">\n#top .hr.hr-invisible.av-av_hr-b47ca55064f0be7fa3f76c512fcc4f3f{\nheight:50px;\n}\n<\/style>\n<div  class='hr av-av_hr-b47ca55064f0be7fa3f76c512fcc4f3f hr-invisible  avia-builder-el-9  el_after_av_textblock  avia-builder-el-last '><span class='hr-inner '><span class=\"hr-inner-style\"><\/span><\/span><\/div><\/p><\/div>\n<style type=\"text\/css\" data-created_by=\"avia_inline_auto\" id=\"style-css-av-av_hr-4474f20d2389e2e5ecf918a02da5132e\">\n#top .hr.hr-invisible.av-av_hr-4474f20d2389e2e5ecf918a02da5132e{\nheight:50px;\n}\n<\/style>\n<div  class='hr av-av_hr-4474f20d2389e2e5ecf918a02da5132e hr-invisible  avia-builder-el-10  el_after_av_three_fourth  el_before_av_button_big  avia-builder-el-last '><span class='hr-inner '><span class=\"hr-inner-style\"><\/span><\/span><\/div><\/p>\n<div  class='avia-button-wrap avia-button-center  avia-builder-el-11  el_after_av_hr  el_before_av_hr '>\n<style type=\"text\/css\" data-created_by=\"avia_inline_auto\" id=\"style-css-av-av_button_big-e5148f5968761d377bf025ff2fa0d1ed\">\n#top #wrap_all .avia-button.av-av_button_big-e5148f5968761d377bf025ff2fa0d1ed{\ncolor:#ffffff;\ntransition:all 0.4s ease-in-out;\n}\n#top #wrap_all .avia-button.av-av_button_big-e5148f5968761d377bf025ff2fa0d1ed:hover{\nbackground-color:orange;\ncolor:#ffffff;\ntransition:all 0.4s ease-in-out;\n}\n#top #wrap_all .avia-button.av-av_button_big-e5148f5968761d377bf025ff2fa0d1ed .avia-svg-icon svg:first-child{\nfill:#ffffff;\nstroke:#ffffff;\n}\n#top #wrap_all .avia-button.av-av_button_big-e5148f5968761d377bf025ff2fa0d1ed:hover .avia-svg-icon svg:first-child{\nfill:#ffffff;\nstroke:#ffffff;\n}\n<\/style>\n<a href='https:\/\/humartech.uma.es\/iarthislab\/miembros\/' class='av-icon-on-hover avia-color-red avia-button avia-button-fullwidth av-av_button_big-e5148f5968761d377bf025ff2fa0d1ed avia-icon_select-yes-left-icon avia-color-red'   aria-label=\"VOLVER A MIEMBROS\"><span class='avia_button_icon avia_button_icon_left avia-iconfont avia-font-entypo-fontello' data-av_icon='\ue830' data-av_iconfont='entypo-fontello' ><\/span><span class='avia_iconbox_title' >VOLVER A MIEMBROS<\/span><\/a><\/div>\n\n<style type=\"text\/css\" data-created_by=\"avia_inline_auto\" id=\"style-css-av-av_hr-4474f20d2389e2e5ecf918a02da5132e\">\n#top .hr.hr-invisible.av-av_hr-4474f20d2389e2e5ecf918a02da5132e{\nheight:50px;\n}\n<\/style>\n<div  class='hr av-av_hr-4474f20d2389e2e5ecf918a02da5132e hr-invisible  avia-builder-el-12  el_after_av_button_big  avia-builder-el-no-sibling '><span class='hr-inner '><span class=\"hr-inner-style\"><\/span><\/span><\/div>\n","protected":false},"excerpt":{"rendered":"","protected":false},"author":3,"featured_media":8581,"parent":7250,"menu_order":0,"comment_status":"closed","ping_status":"closed","template":"","meta":{"footnotes":""},"class_list":["post-8580","page","type-page","status-publish","has-post-thumbnail","hentry"],"_links":{"self":[{"href":"https:\/\/humartech.uma.es\/iarthislab\/wp-json\/wp\/v2\/pages\/8580","targetHints":{"allow":["GET"]}}],"collection":[{"href":"https:\/\/humartech.uma.es\/iarthislab\/wp-json\/wp\/v2\/pages"}],"about":[{"href":"https:\/\/humartech.uma.es\/iarthislab\/wp-json\/wp\/v2\/types\/page"}],"author":[{"embeddable":true,"href":"https:\/\/humartech.uma.es\/iarthislab\/wp-json\/wp\/v2\/users\/3"}],"replies":[{"embeddable":true,"href":"https:\/\/humartech.uma.es\/iarthislab\/wp-json\/wp\/v2\/comments?post=8580"}],"version-history":[{"count":0,"href":"https:\/\/humartech.uma.es\/iarthislab\/wp-json\/wp\/v2\/pages\/8580\/revisions"}],"up":[{"embeddable":true,"href":"https:\/\/humartech.uma.es\/iarthislab\/wp-json\/wp\/v2\/pages\/7250"}],"wp:featuredmedia":[{"embeddable":true,"href":"https:\/\/humartech.uma.es\/iarthislab\/wp-json\/wp\/v2\/media\/8581"}],"wp:attachment":[{"href":"https:\/\/humartech.uma.es\/iarthislab\/wp-json\/wp\/v2\/media?parent=8580"}],"curies":[{"name":"wp","href":"https:\/\/api.w.org\/{rel}","templated":true}]}}