{"id":7437,"date":"2018-03-08T12:36:53","date_gmt":"2018-03-08T12:36:53","guid":{"rendered":"https:\/\/humartech.uma.es\/iarthislab\/?page_id=7437"},"modified":"2020-07-23T10:23:23","modified_gmt":"2020-07-23T10:23:23","slug":"maria-ortiz-tello","status":"publish","type":"page","link":"https:\/\/humartech.uma.es\/iarthislab\/miembros\/maria-ortiz-tello\/","title":{"rendered":"Mar\u00eda Ortiz Tello"},"content":{"rendered":"\n<style type=\"text\/css\" data-created_by=\"avia_inline_auto\" id=\"style-css-av-mttmwd-0510728a7577025601fd529338038b08\">\n.avia-section.av-mttmwd-0510728a7577025601fd529338038b08{\nbackground-repeat:no-repeat;\nbackground-image:url(https:\/\/humartech.uma.es\/iarthislab\/wp-content\/uploads\/2018\/03\/pattern-top-400.jpg);\nbackground-position:50% 0%;\nbackground-attachment:fixed;\n}\n.avia-section.av-mttmwd-0510728a7577025601fd529338038b08 .av-section-color-overlay{\nopacity:0.1;\nbackground-color:#ffffff;\n}\n<\/style>\n<div id='av_section_1'  class='avia-section av-mttmwd-0510728a7577025601fd529338038b08 main_color avia-section-no-padding avia-no-border-styling  avia-builder-el-0  el_before_av_one_fourth  avia-builder-el-first  avia-bg-style-fixed av-section-color-overlay-active av-minimum-height av-minimum-height-custom av-height-custom  container_wrap sidebar_right'  data-section-bg-repeat='no-repeat' data-av_minimum_height_px='220'><div class=\"av-section-color-overlay-wrap\"><div class=\"av-section-color-overlay\"><\/div><div class='container av-section-cont-open' style='height:220px'><main  role=\"main\" itemprop=\"mainContentOfPage\"  class='template-page content  av-content-small alpha units'><div class='post-entry post-entry-type-page post-entry-7437'><div class='entry-content-wrapper clearfix'>\n\n<style type=\"text\/css\" data-created_by=\"avia_inline_auto\" id=\"style-css-av-k30r25-2a21b9d68bdd5c00961fb4467c6a65c7\">\n#top .av-special-heading.av-k30r25-2a21b9d68bdd5c00961fb4467c6a65c7{\npadding-bottom:10px;\ncolor:#a3191f;\n}\nbody .av-special-heading.av-k30r25-2a21b9d68bdd5c00961fb4467c6a65c7 .av-special-heading-tag .heading-char{\nfont-size:25px;\n}\n.av-special-heading.av-k30r25-2a21b9d68bdd5c00961fb4467c6a65c7 .special-heading-inner-border{\nborder-color:#a3191f;\n}\n.av-special-heading.av-k30r25-2a21b9d68bdd5c00961fb4467c6a65c7 .av-subheading{\nfont-size:15px;\n}\n<\/style>\n<div  class='av-special-heading av-k30r25-2a21b9d68bdd5c00961fb4467c6a65c7 av-special-heading-h2 custom-color-heading blockquote modern-quote  avia-builder-el-1  avia-builder-el-no-sibling '><h2 class='av-special-heading-tag '  itemprop=\"headline\"  >Mar\u00eda Ortiz Tello<\/h2><div class=\"special-heading-border\"><div class=\"special-heading-inner-border\"><\/div><\/div><\/div>\n<\/div><\/div><\/main><!-- close content main element --><\/div><\/div><\/div><div id='after_section_1'  class='main_color av_default_container_wrap container_wrap sidebar_right'  ><div class='container av-section-cont-open' ><div class='template-page content  av-content-small alpha units'><div class='post-entry post-entry-type-page post-entry-7437'><div class='entry-content-wrapper clearfix'>\n\n<style type=\"text\/css\" data-created_by=\"avia_inline_auto\" id=\"style-css-av-j6ac7x-0ca11a37e85040b72648baec1828bb50\">\n.flex_column.av-j6ac7x-0ca11a37e85040b72648baec1828bb50{\nborder-radius:0px 0px 0px 0px;\npadding:0px 0px 0px 0px;\n}\n<\/style>\n<div  class='flex_column av-j6ac7x-0ca11a37e85040b72648baec1828bb50 av_one_fourth  avia-builder-el-2  el_after_av_section  el_before_av_three_fourth  avia-builder-el-first  first flex_column_div av-zero-column-padding  '     ><style type=\"text\/css\" data-created_by=\"avia_inline_auto\" id=\"style-css-av-gw00p9-ec3b56d466fa1b36c31f674427b7d17e\">\n.avia-image-container.av-gw00p9-ec3b56d466fa1b36c31f674427b7d17e img.avia_image{\nbox-shadow:none;\n}\n.avia-image-container.av-gw00p9-ec3b56d466fa1b36c31f674427b7d17e .av-image-caption-overlay-center{\ncolor:#ffffff;\n}\n<\/style>\n<div  class='avia-image-container av-gw00p9-ec3b56d466fa1b36c31f674427b7d17e av-styling- avia-align-center  avia-builder-el-3  avia-builder-el-no-sibling '   itemprop=\"image\" itemscope=\"itemscope\" itemtype=\"https:\/\/schema.org\/ImageObject\" ><div class=\"avia-image-container-inner\"><div class=\"avia-image-overlay-wrap\"><img decoding=\"async\" fetchpriority=\"high\" class='wp-image-7266 avia-img-lazy-loading-not-7266 avia_image ' src=\"https:\/\/humartech.uma.es\/iarthislab\/wp-content\/uploads\/2018\/03\/maria-ortiz-tello-350x350.jpg\" alt='' title=''  height=\"350\" width=\"350\"  itemprop=\"thumbnailUrl\" srcset=\"https:\/\/humartech.uma.es\/iarthislab\/wp-content\/uploads\/2018\/03\/maria-ortiz-tello-350x350.jpg 350w, https:\/\/humartech.uma.es\/iarthislab\/wp-content\/uploads\/2018\/03\/maria-ortiz-tello-350x350-80x80.jpg 80w, https:\/\/humartech.uma.es\/iarthislab\/wp-content\/uploads\/2018\/03\/maria-ortiz-tello-350x350-300x300.jpg 300w, https:\/\/humartech.uma.es\/iarthislab\/wp-content\/uploads\/2018\/03\/maria-ortiz-tello-350x350-36x36.jpg 36w, https:\/\/humartech.uma.es\/iarthislab\/wp-content\/uploads\/2018\/03\/maria-ortiz-tello-350x350-180x180.jpg 180w\" sizes=\"(max-width: 350px) 100vw, 350px\" \/><\/div><\/div><\/div><\/div>\n\n<style type=\"text\/css\" data-created_by=\"avia_inline_auto\" id=\"style-css-av-g0nrf1-0a9f659eee20fe88d0b4f452898f943f\">\n.flex_column.av-g0nrf1-0a9f659eee20fe88d0b4f452898f943f{\nborder-radius:0px 0px 0px 0px;\npadding:0px 0px 0px 0px;\n}\n<\/style>\n<div  class='flex_column av-g0nrf1-0a9f659eee20fe88d0b4f452898f943f av_three_fourth  avia-builder-el-4  el_after_av_one_fourth  el_before_av_hr  flex_column_div av-zero-column-padding  '     ><p>\n<style type=\"text\/css\" data-created_by=\"avia_inline_auto\" id=\"style-css-av-av_heading-df8c26d6dc27be778ffca646b09bd62a\">\n#top .av-special-heading.av-av_heading-df8c26d6dc27be778ffca646b09bd62a{\npadding-bottom:10px;\n}\nbody .av-special-heading.av-av_heading-df8c26d6dc27be778ffca646b09bd62a .av-special-heading-tag .heading-char{\nfont-size:25px;\n}\n.av-special-heading.av-av_heading-df8c26d6dc27be778ffca646b09bd62a .av-subheading{\nfont-size:15px;\n}\n<\/style>\n<div  class='av-special-heading av-av_heading-df8c26d6dc27be778ffca646b09bd62a av-special-heading-h3  avia-builder-el-5  el_before_av_textblock  avia-builder-el-first '><h3 class='av-special-heading-tag '  itemprop=\"headline\"  >Mar\u00eda Ortiz Tello<\/h3><div class=\"special-heading-border\"><div class=\"special-heading-inner-border\"><\/div><\/div><\/div><br \/>\n<section  class='av_textblock_section av-d3v1il-447b68ce33d0c2df9cde6b53f2d2bb68 '   itemscope=\"itemscope\" itemtype=\"https:\/\/schema.org\/CreativeWork\" ><div class='avia_textblock'  itemprop=\"text\" ><p><strong>Puesto de trabajo:<\/strong> Investigadora contratada con cargo a c\u00e1tedra de investigaci\u00f3n.<br \/>\n<strong>Correo electr\u00f3nico:<\/strong> denn_die_Toten_reiten_schnell@hotmail.com<br \/>\n<strong>Grado o licenciatura:<\/strong> Historia del Arte, Universidad de M\u00e1laga.<\/p>\n<\/div><\/section><br \/>\n\n<style type=\"text\/css\" data-created_by=\"avia_inline_auto\" id=\"style-css-av-av_heading-104c40801f89db3d94c5faa088fee931\">\n#top .av-special-heading.av-av_heading-104c40801f89db3d94c5faa088fee931{\npadding-bottom:10px;\n}\nbody .av-special-heading.av-av_heading-104c40801f89db3d94c5faa088fee931 .av-special-heading-tag .heading-char{\nfont-size:25px;\n}\n.av-special-heading.av-av_heading-104c40801f89db3d94c5faa088fee931 .av-subheading{\nfont-size:15px;\n}\n<\/style>\n<div  class='av-special-heading av-av_heading-104c40801f89db3d94c5faa088fee931 av-special-heading-h4  avia-builder-el-7  el_after_av_textblock  el_before_av_textblock '><h4 class='av-special-heading-tag '  itemprop=\"headline\"  >Curr\u00edculum<\/h4><div class=\"special-heading-border\"><div class=\"special-heading-inner-border\"><\/div><\/div><\/div><br \/>\n<section  class='av_textblock_section av-8ue4wt-95d7a854ca252ae02472bc193f3c3351 '   itemscope=\"itemscope\" itemtype=\"https:\/\/schema.org\/CreativeWork\" ><div class='avia_textblock'  itemprop=\"text\" ><p>Mar\u00eda Ortiz Tello Nacida en M\u00e1laga, el 8 de diciembre de 1989. Doctora en Historia del Arte por la Universidad de M\u00e1laga (2020). M\u00e1ster en Desarrollos Sociales de la Cultura Art\u00edstica (2014). M\u00e1ster en Profesorado de ESO, Bachillerato, FP e Idiomas.<\/p>\n<p>Actualmente, se encuentra finalizando el m\u00e1ster en Humanidades Digitales de la Universidad Pablo de Olavide.<\/p>\n<\/div><\/section><br \/>\n\n<style type=\"text\/css\" data-created_by=\"avia_inline_auto\" id=\"style-css-av-7x6ksd-d950012cd7f39d52b99a52ea480ac187\">\n#top .hr.hr-invisible.av-7x6ksd-d950012cd7f39d52b99a52ea480ac187{\nheight:50px;\n}\n<\/style>\n<div  class='hr av-7x6ksd-d950012cd7f39d52b99a52ea480ac187 hr-invisible  avia-builder-el-9  el_after_av_textblock  avia-builder-el-last '><span class='hr-inner '><span class=\"hr-inner-style\"><\/span><\/span><\/div><\/p><\/div>\n<style type=\"text\/css\" data-created_by=\"avia_inline_auto\" id=\"style-css-av-5qduvh-fb71e633fd4ecbf92131bbd2b1a7f084\">\n#top .hr.hr-invisible.av-5qduvh-fb71e633fd4ecbf92131bbd2b1a7f084{\nheight:50px;\n}\n<\/style>\n<div  class='hr av-5qduvh-fb71e633fd4ecbf92131bbd2b1a7f084 hr-invisible  avia-builder-el-10  el_after_av_three_fourth  el_before_av_button_big  avia-builder-el-last '><span class='hr-inner '><span class=\"hr-inner-style\"><\/span><\/span><\/div><\/p>\n<div  class='avia-button-wrap avia-button-center  avia-builder-el-11  el_after_av_hr  el_before_av_hr '>\n<style type=\"text\/css\" data-created_by=\"avia_inline_auto\" id=\"style-css-av-4k6v8d-e4b6e1fe4e3354d3ea1ded0d723fba73\">\n#top #wrap_all .avia-button.av-4k6v8d-e4b6e1fe4e3354d3ea1ded0d723fba73{\ncolor:#ffffff;\ntransition:all 0.4s ease-in-out;\n}\n#top #wrap_all .avia-button.av-4k6v8d-e4b6e1fe4e3354d3ea1ded0d723fba73:hover{\nbackground-color:orange;\ncolor:#ffffff;\ntransition:all 0.4s ease-in-out;\n}\n#top #wrap_all .avia-button.av-4k6v8d-e4b6e1fe4e3354d3ea1ded0d723fba73 .avia-svg-icon svg:first-child{\nfill:#ffffff;\nstroke:#ffffff;\n}\n#top #wrap_all .avia-button.av-4k6v8d-e4b6e1fe4e3354d3ea1ded0d723fba73:hover .avia-svg-icon svg:first-child{\nfill:#ffffff;\nstroke:#ffffff;\n}\n<\/style>\n<a href='https:\/\/humartech.uma.es\/iarthislab\/miembros\/' class='av-icon-on-hover avia-color-red avia-button avia-button-fullwidth av-4k6v8d-e4b6e1fe4e3354d3ea1ded0d723fba73 avia-icon_select-yes-left-icon avia-color-red'   aria-label=\"VOLVER A MIEMBROS\"><span class='avia_button_icon avia_button_icon_left avia-iconfont avia-font-entypo-fontello' data-av_icon='\ue830' data-av_iconfont='entypo-fontello' ><\/span><span class='avia_iconbox_title' >VOLVER A MIEMBROS<\/span><\/a><\/div>\n\n<style type=\"text\/css\" data-created_by=\"avia_inline_auto\" id=\"style-css-av-bnebx-244a3cef54d18956d93b91a6d6caf3b4\">\n#top .hr.hr-invisible.av-bnebx-244a3cef54d18956d93b91a6d6caf3b4{\nheight:50px;\n}\n<\/style>\n<div  class='hr av-bnebx-244a3cef54d18956d93b91a6d6caf3b4 hr-invisible  avia-builder-el-12  el_after_av_button_big  avia-builder-el-no-sibling '><span class='hr-inner '><span class=\"hr-inner-style\"><\/span><\/span><\/div>\n","protected":false},"excerpt":{"rendered":"","protected":false},"author":1,"featured_media":0,"parent":7250,"menu_order":0,"comment_status":"closed","ping_status":"closed","template":"","meta":{"footnotes":""},"class_list":["post-7437","page","type-page","status-publish","hentry"],"_links":{"self":[{"href":"https:\/\/humartech.uma.es\/iarthislab\/wp-json\/wp\/v2\/pages\/7437","targetHints":{"allow":["GET"]}}],"collection":[{"href":"https:\/\/humartech.uma.es\/iarthislab\/wp-json\/wp\/v2\/pages"}],"about":[{"href":"https:\/\/humartech.uma.es\/iarthislab\/wp-json\/wp\/v2\/types\/page"}],"author":[{"embeddable":true,"href":"https:\/\/humartech.uma.es\/iarthislab\/wp-json\/wp\/v2\/users\/1"}],"replies":[{"embeddable":true,"href":"https:\/\/humartech.uma.es\/iarthislab\/wp-json\/wp\/v2\/comments?post=7437"}],"version-history":[{"count":0,"href":"https:\/\/humartech.uma.es\/iarthislab\/wp-json\/wp\/v2\/pages\/7437\/revisions"}],"up":[{"embeddable":true,"href":"https:\/\/humartech.uma.es\/iarthislab\/wp-json\/wp\/v2\/pages\/7250"}],"wp:attachment":[{"href":"https:\/\/humartech.uma.es\/iarthislab\/wp-json\/wp\/v2\/media?parent=7437"}],"curies":[{"name":"wp","href":"https:\/\/api.w.org\/{rel}","templated":true}]}}