{"id":7435,"date":"2018-03-08T12:35:32","date_gmt":"2018-03-08T12:35:32","guid":{"rendered":"https:\/\/humartech.uma.es\/iarthislab\/?page_id=7435"},"modified":"2018-03-08T12:35:32","modified_gmt":"2018-03-08T12:35:32","slug":"miguel-angel-sanchez-badillo","status":"publish","type":"page","link":"https:\/\/humartech.uma.es\/iarthislab\/miembros\/miguel-angel-sanchez-badillo\/","title":{"rendered":"Miguel \u00c1ngel S\u00e1nchez Badillo"},"content":{"rendered":"\n<style type=\"text\/css\" data-created_by=\"avia_inline_auto\" id=\"style-css-av-av_section-4446a279b973662f3f99c4b5bd8eee94\">\n.avia-section.av-av_section-4446a279b973662f3f99c4b5bd8eee94{\nbackground-repeat:no-repeat;\nbackground-image:url(https:\/\/humartech.uma.es\/iarthislab\/wp-content\/uploads\/2018\/03\/pattern-top-400.jpg);\nbackground-position:50% 0%;\nbackground-attachment:fixed;\n}\n.avia-section.av-av_section-4446a279b973662f3f99c4b5bd8eee94 .av-section-color-overlay{\nopacity:0.1;\nbackground-color:#ffffff;\n}\n<\/style>\n<div id='av_section_1'  class='avia-section av-av_section-4446a279b973662f3f99c4b5bd8eee94 main_color avia-section-no-padding avia-no-border-styling  avia-builder-el-0  el_before_av_one_fourth  avia-builder-el-first  avia-bg-style-fixed av-section-color-overlay-active av-minimum-height av-minimum-height-custom av-height-custom  container_wrap sidebar_right'  data-section-bg-repeat='no-repeat' data-av_minimum_height_px='220'><div class=\"av-section-color-overlay-wrap\"><div class=\"av-section-color-overlay\"><\/div><div class='container av-section-cont-open' style='height:220px'><main  role=\"main\" itemprop=\"mainContentOfPage\"  class='template-page content  av-content-small alpha units'><div class='post-entry post-entry-type-page post-entry-7435'><div class='entry-content-wrapper clearfix'>\n\n<style type=\"text\/css\" data-created_by=\"avia_inline_auto\" id=\"style-css-av-av_heading-7466d8b24a432e853f8490049b5d95d3\">\n#top .av-special-heading.av-av_heading-7466d8b24a432e853f8490049b5d95d3{\npadding-bottom:10px;\ncolor:#a3191f;\n}\nbody .av-special-heading.av-av_heading-7466d8b24a432e853f8490049b5d95d3 .av-special-heading-tag .heading-char{\nfont-size:25px;\n}\n.av-special-heading.av-av_heading-7466d8b24a432e853f8490049b5d95d3 .special-heading-inner-border{\nborder-color:#a3191f;\n}\n.av-special-heading.av-av_heading-7466d8b24a432e853f8490049b5d95d3 .av-subheading{\nfont-size:15px;\n}\n<\/style>\n<div  class='av-special-heading av-av_heading-7466d8b24a432e853f8490049b5d95d3 av-special-heading-h2 custom-color-heading blockquote modern-quote  avia-builder-el-1  avia-builder-el-no-sibling '><h2 class='av-special-heading-tag '  itemprop=\"headline\"  >Miguel \u00c1ngel S\u00e1nchez Badillo<\/h2><div class=\"special-heading-border\"><div class=\"special-heading-inner-border\"><\/div><\/div><\/div>\n<\/div><\/div><\/main><!-- close content main element --><\/div><\/div><\/div><div id='after_section_1'  class='main_color av_default_container_wrap container_wrap sidebar_right'  ><div class='container av-section-cont-open' ><div class='template-page content  av-content-small alpha units'><div class='post-entry post-entry-type-page post-entry-7435'><div class='entry-content-wrapper clearfix'>\n<style type=\"text\/css\" data-created_by=\"avia_inline_auto\" id=\"style-css-av-av_one_fourth-15d750bd1b332b34c6e70b077ebbccdf\">\n.flex_column.av-av_one_fourth-15d750bd1b332b34c6e70b077ebbccdf{\nborder-radius:0px 0px 0px 0px;\npadding:0px 0px 0px 0px;\n}\n<\/style>\n<div  class='flex_column av-av_one_fourth-15d750bd1b332b34c6e70b077ebbccdf av_one_fourth  avia-builder-el-2  el_after_av_section  el_before_av_three_fourth  avia-builder-el-first  first flex_column_div av-zero-column-padding  '     ><style type=\"text\/css\" data-created_by=\"avia_inline_auto\" id=\"style-css-av-av_image-5c02b8da65199246476dd9e10e5898e2\">\n.avia-image-container.av-av_image-5c02b8da65199246476dd9e10e5898e2 img.avia_image{\nbox-shadow:none;\n}\n.avia-image-container.av-av_image-5c02b8da65199246476dd9e10e5898e2 .av-image-caption-overlay-center{\ncolor:#ffffff;\n}\n<\/style>\n<div  class='avia-image-container av-av_image-5c02b8da65199246476dd9e10e5898e2 av-styling- avia-align-center  avia-builder-el-3  avia-builder-el-no-sibling '   itemprop=\"image\" itemscope=\"itemscope\" itemtype=\"https:\/\/schema.org\/ImageObject\" ><div class=\"avia-image-container-inner\"><div class=\"avia-image-overlay-wrap\"><img decoding=\"async\" fetchpriority=\"high\" class='wp-image-7265 avia-img-lazy-loading-not-7265 avia_image ' src=\"https:\/\/humartech.uma.es\/iarthislab\/wp-content\/uploads\/2018\/03\/miguel-angel-sanchez-350x350.jpg\" alt='' title=''  height=\"350\" width=\"350\"  itemprop=\"thumbnailUrl\" srcset=\"https:\/\/humartech.uma.es\/iarthislab\/wp-content\/uploads\/2018\/03\/miguel-angel-sanchez-350x350.jpg 350w, https:\/\/humartech.uma.es\/iarthislab\/wp-content\/uploads\/2018\/03\/miguel-angel-sanchez-350x350-80x80.jpg 80w, https:\/\/humartech.uma.es\/iarthislab\/wp-content\/uploads\/2018\/03\/miguel-angel-sanchez-350x350-300x300.jpg 300w, https:\/\/humartech.uma.es\/iarthislab\/wp-content\/uploads\/2018\/03\/miguel-angel-sanchez-350x350-36x36.jpg 36w, https:\/\/humartech.uma.es\/iarthislab\/wp-content\/uploads\/2018\/03\/miguel-angel-sanchez-350x350-180x180.jpg 180w\" sizes=\"(max-width: 350px) 100vw, 350px\" \/><\/div><\/div><\/div><\/div>\n<style type=\"text\/css\" data-created_by=\"avia_inline_auto\" id=\"style-css-av-av_three_fourth-c8fc129dc35fd1ae2a1e410224d39ea8\">\n.flex_column.av-av_three_fourth-c8fc129dc35fd1ae2a1e410224d39ea8{\nborder-radius:0px 0px 0px 0px;\npadding:0px 0px 0px 0px;\n}\n<\/style>\n<div  class='flex_column av-av_three_fourth-c8fc129dc35fd1ae2a1e410224d39ea8 av_three_fourth  avia-builder-el-4  el_after_av_one_fourth  el_before_av_hr  flex_column_div av-zero-column-padding  '     ><p>\n<style type=\"text\/css\" data-created_by=\"avia_inline_auto\" id=\"style-css-av-av_heading-e4129209b0f12412bb840fe4e0b173aa\">\n#top .av-special-heading.av-av_heading-e4129209b0f12412bb840fe4e0b173aa{\npadding-bottom:10px;\n}\nbody .av-special-heading.av-av_heading-e4129209b0f12412bb840fe4e0b173aa .av-special-heading-tag .heading-char{\nfont-size:25px;\n}\n.av-special-heading.av-av_heading-e4129209b0f12412bb840fe4e0b173aa .av-subheading{\nfont-size:15px;\n}\n<\/style>\n<div  class='av-special-heading av-av_heading-e4129209b0f12412bb840fe4e0b173aa av-special-heading-h3  avia-builder-el-5  el_before_av_textblock  avia-builder-el-first '><h3 class='av-special-heading-tag '  itemprop=\"headline\"  >Miguel \u00c1ngel S\u00e1nchez Badillo<\/h3><div class=\"special-heading-border\"><div class=\"special-heading-inner-border\"><\/div><\/div><\/div><br \/>\n<section  class='av_textblock_section av-av_textblock-2de302bf1aa3cf4c9157dbe6f50ac7eb '   itemscope=\"itemscope\" itemtype=\"https:\/\/schema.org\/CreativeWork\" ><div class='avia_textblock'  itemprop=\"text\" ><p><strong>Correo electr\u00f3nico:<\/strong> migsan62@gmail.com<br \/>\n<strong>Grado o licenciatura:<\/strong> Licenciado en Historia del Arte, Universidad de Granada, 2014.<\/p>\n<\/div><\/section><br \/>\n\n<style type=\"text\/css\" data-created_by=\"avia_inline_auto\" id=\"style-css-av-av_heading-f6a8f4a14827d44078b3de2953d645b0\">\n#top .av-special-heading.av-av_heading-f6a8f4a14827d44078b3de2953d645b0{\npadding-bottom:10px;\n}\nbody .av-special-heading.av-av_heading-f6a8f4a14827d44078b3de2953d645b0 .av-special-heading-tag .heading-char{\nfont-size:25px;\n}\n.av-special-heading.av-av_heading-f6a8f4a14827d44078b3de2953d645b0 .av-subheading{\nfont-size:15px;\n}\n<\/style>\n<div  class='av-special-heading av-av_heading-f6a8f4a14827d44078b3de2953d645b0 av-special-heading-h4  avia-builder-el-7  el_after_av_textblock  el_before_av_textblock '><h4 class='av-special-heading-tag '  itemprop=\"headline\"  >Curr\u00edculum<\/h4><div class=\"special-heading-border\"><div class=\"special-heading-inner-border\"><\/div><\/div><\/div><br \/>\n<section  class='av_textblock_section av-av_textblock-2de302bf1aa3cf4c9157dbe6f50ac7eb '   itemscope=\"itemscope\" itemtype=\"https:\/\/schema.org\/CreativeWork\" ><div class='avia_textblock'  itemprop=\"text\" ><p>Licenciado en Historia del Arte en Granada (2009-2014). Un a\u00f1o cursando la beca Erasmus en Perugia (Italia). En el periodo de la carrera ha realizado varios cursos espec\u00edficos de (flamenco, poes\u00eda, Sud\u00e1frica, arte moderno granadino, entre otros).<\/p>\n<p>Ha cursado el Bachillerato de Arte en el Instituto Mart\u00edn Rivero (Ronda, M\u00e1laga). Ha disfrutado de varios periodos de intercambio ling\u00fc\u00edstico en la ciudad de Arezzo (Italia) para realizar cursos de t\u00e9cnicas art\u00edsticas (serigraf\u00eda, joyer\u00eda, grabado\u2026).<\/p>\n<p>Ha trabajado como monitor de deportes de riesgo.<\/p>\n<\/div><\/section><br \/>\n\n<style type=\"text\/css\" data-created_by=\"avia_inline_auto\" id=\"style-css-av-av_hr-b47ca55064f0be7fa3f76c512fcc4f3f\">\n#top .hr.hr-invisible.av-av_hr-b47ca55064f0be7fa3f76c512fcc4f3f{\nheight:50px;\n}\n<\/style>\n<div  class='hr av-av_hr-b47ca55064f0be7fa3f76c512fcc4f3f hr-invisible  avia-builder-el-9  el_after_av_textblock  avia-builder-el-last '><span class='hr-inner '><span class=\"hr-inner-style\"><\/span><\/span><\/div><\/p><\/div>\n<style type=\"text\/css\" data-created_by=\"avia_inline_auto\" id=\"style-css-av-av_hr-4474f20d2389e2e5ecf918a02da5132e\">\n#top .hr.hr-invisible.av-av_hr-4474f20d2389e2e5ecf918a02da5132e{\nheight:50px;\n}\n<\/style>\n<div  class='hr av-av_hr-4474f20d2389e2e5ecf918a02da5132e hr-invisible  avia-builder-el-10  el_after_av_three_fourth  el_before_av_button_big  avia-builder-el-last '><span class='hr-inner '><span class=\"hr-inner-style\"><\/span><\/span><\/div><\/p>\n<div  class='avia-button-wrap avia-button-center  avia-builder-el-11  el_after_av_hr  el_before_av_hr '>\n<style type=\"text\/css\" data-created_by=\"avia_inline_auto\" id=\"style-css-av-av_button_big-e5148f5968761d377bf025ff2fa0d1ed\">\n#top #wrap_all .avia-button.av-av_button_big-e5148f5968761d377bf025ff2fa0d1ed{\ncolor:#ffffff;\ntransition:all 0.4s ease-in-out;\n}\n#top #wrap_all .avia-button.av-av_button_big-e5148f5968761d377bf025ff2fa0d1ed:hover{\nbackground-color:orange;\ncolor:#ffffff;\ntransition:all 0.4s ease-in-out;\n}\n#top #wrap_all .avia-button.av-av_button_big-e5148f5968761d377bf025ff2fa0d1ed .avia-svg-icon svg:first-child{\nfill:#ffffff;\nstroke:#ffffff;\n}\n#top #wrap_all .avia-button.av-av_button_big-e5148f5968761d377bf025ff2fa0d1ed:hover .avia-svg-icon svg:first-child{\nfill:#ffffff;\nstroke:#ffffff;\n}\n<\/style>\n<a href='https:\/\/humartech.uma.es\/iarthislab\/miembros\/' class='av-icon-on-hover avia-color-red avia-button avia-button-fullwidth av-av_button_big-e5148f5968761d377bf025ff2fa0d1ed avia-icon_select-yes-left-icon avia-color-red'   aria-label=\"VOLVER A MIEMBROS\"><span class='avia_button_icon avia_button_icon_left avia-iconfont avia-font-entypo-fontello' data-av_icon='\ue830' data-av_iconfont='entypo-fontello' ><\/span><span class='avia_iconbox_title' >VOLVER A MIEMBROS<\/span><\/a><\/div>\n\n<style type=\"text\/css\" data-created_by=\"avia_inline_auto\" id=\"style-css-av-av_hr-4474f20d2389e2e5ecf918a02da5132e\">\n#top .hr.hr-invisible.av-av_hr-4474f20d2389e2e5ecf918a02da5132e{\nheight:50px;\n}\n<\/style>\n<div  class='hr av-av_hr-4474f20d2389e2e5ecf918a02da5132e hr-invisible  avia-builder-el-12  el_after_av_button_big  avia-builder-el-no-sibling '><span class='hr-inner '><span class=\"hr-inner-style\"><\/span><\/span><\/div>\n","protected":false},"excerpt":{"rendered":"","protected":false},"author":1,"featured_media":0,"parent":7250,"menu_order":0,"comment_status":"closed","ping_status":"closed","template":"","meta":{"footnotes":""},"class_list":["post-7435","page","type-page","status-publish","hentry"],"_links":{"self":[{"href":"https:\/\/humartech.uma.es\/iarthislab\/wp-json\/wp\/v2\/pages\/7435","targetHints":{"allow":["GET"]}}],"collection":[{"href":"https:\/\/humartech.uma.es\/iarthislab\/wp-json\/wp\/v2\/pages"}],"about":[{"href":"https:\/\/humartech.uma.es\/iarthislab\/wp-json\/wp\/v2\/types\/page"}],"author":[{"embeddable":true,"href":"https:\/\/humartech.uma.es\/iarthislab\/wp-json\/wp\/v2\/users\/1"}],"replies":[{"embeddable":true,"href":"https:\/\/humartech.uma.es\/iarthislab\/wp-json\/wp\/v2\/comments?post=7435"}],"version-history":[{"count":0,"href":"https:\/\/humartech.uma.es\/iarthislab\/wp-json\/wp\/v2\/pages\/7435\/revisions"}],"up":[{"embeddable":true,"href":"https:\/\/humartech.uma.es\/iarthislab\/wp-json\/wp\/v2\/pages\/7250"}],"wp:attachment":[{"href":"https:\/\/humartech.uma.es\/iarthislab\/wp-json\/wp\/v2\/media?parent=7435"}],"curies":[{"name":"wp","href":"https:\/\/api.w.org\/{rel}","templated":true}]}}