{"id":7433,"date":"2018-03-08T12:34:15","date_gmt":"2018-03-08T12:34:15","guid":{"rendered":"https:\/\/humartech.uma.es\/iarthislab\/?page_id=7433"},"modified":"2020-06-10T08:44:39","modified_gmt":"2020-06-10T08:44:39","slug":"maria-isabel-hidalgo-urbaneja","status":"publish","type":"page","link":"https:\/\/humartech.uma.es\/iarthislab\/miembros\/maria-isabel-hidalgo-urbaneja\/","title":{"rendered":"Mar\u00eda Isabel Hidalgo Urbaneja"},"content":{"rendered":"\n<style type=\"text\/css\" data-created_by=\"avia_inline_auto\" id=\"style-css-av-m6vsyh-878327e7be6325303c308a77041320f0\">\n.avia-section.av-m6vsyh-878327e7be6325303c308a77041320f0{\nbackground-repeat:no-repeat;\nbackground-image:url(https:\/\/humartech.uma.es\/iarthislab\/wp-content\/uploads\/2018\/03\/pattern-top-400.jpg);\nbackground-position:50% 0%;\nbackground-attachment:fixed;\n}\n.avia-section.av-m6vsyh-878327e7be6325303c308a77041320f0 .av-section-color-overlay{\nopacity:0.1;\nbackground-color:#ffffff;\n}\n<\/style>\n<div id='av_section_1'  class='avia-section av-m6vsyh-878327e7be6325303c308a77041320f0 main_color avia-section-no-padding avia-no-border-styling  avia-builder-el-0  el_before_av_one_fourth  avia-builder-el-first  avia-bg-style-fixed av-section-color-overlay-active av-minimum-height av-minimum-height-custom av-height-custom  container_wrap sidebar_right'  data-section-bg-repeat='no-repeat' data-av_minimum_height_px='220'><div class=\"av-section-color-overlay-wrap\"><div class=\"av-section-color-overlay\"><\/div><div class='container av-section-cont-open' style='height:220px'><main  role=\"main\" itemprop=\"mainContentOfPage\"  class='template-page content  av-content-small alpha units'><div class='post-entry post-entry-type-page post-entry-7433'><div class='entry-content-wrapper clearfix'>\n\n<style type=\"text\/css\" data-created_by=\"avia_inline_auto\" id=\"style-css-av-l7sik9-1b98bf731b8f0918c2611a9366d150c4\">\n#top .av-special-heading.av-l7sik9-1b98bf731b8f0918c2611a9366d150c4{\npadding-bottom:10px;\ncolor:#a3191f;\n}\nbody .av-special-heading.av-l7sik9-1b98bf731b8f0918c2611a9366d150c4 .av-special-heading-tag .heading-char{\nfont-size:25px;\n}\n.av-special-heading.av-l7sik9-1b98bf731b8f0918c2611a9366d150c4 .special-heading-inner-border{\nborder-color:#a3191f;\n}\n.av-special-heading.av-l7sik9-1b98bf731b8f0918c2611a9366d150c4 .av-subheading{\nfont-size:15px;\n}\n<\/style>\n<div  class='av-special-heading av-l7sik9-1b98bf731b8f0918c2611a9366d150c4 av-special-heading-h2 custom-color-heading blockquote modern-quote  avia-builder-el-1  avia-builder-el-no-sibling '><h2 class='av-special-heading-tag '  itemprop=\"headline\"  >Mar\u00eda Isabel Hidalgo Urbaneja<\/h2><div class=\"special-heading-border\"><div class=\"special-heading-inner-border\"><\/div><\/div><\/div>\n<\/div><\/div><\/main><!-- close content main element --><\/div><\/div><\/div><div id='after_section_1'  class='main_color av_default_container_wrap container_wrap sidebar_right'  ><div class='container av-section-cont-open' ><div class='template-page content  av-content-small alpha units'><div class='post-entry post-entry-type-page post-entry-7433'><div class='entry-content-wrapper clearfix'>\n\n<style type=\"text\/css\" data-created_by=\"avia_inline_auto\" id=\"style-css-av-1yqo49-6313fecdd0ba2d98853a47a51a89d36b\">\n.flex_column.av-1yqo49-6313fecdd0ba2d98853a47a51a89d36b{\nborder-radius:0px 0px 0px 0px;\npadding:0px 0px 0px 0px;\n}\n<\/style>\n<div  class='flex_column av-1yqo49-6313fecdd0ba2d98853a47a51a89d36b av_one_fourth  avia-builder-el-2  el_after_av_section  el_before_av_three_fourth  avia-builder-el-first  first flex_column_div av-zero-column-padding  '     ><style type=\"text\/css\" data-created_by=\"avia_inline_auto\" id=\"style-css-av-htk82h-51fc2c279466fdc62e6f279c0250f48d\">\n.avia-image-container.av-htk82h-51fc2c279466fdc62e6f279c0250f48d img.avia_image{\nbox-shadow:none;\n}\n.avia-image-container.av-htk82h-51fc2c279466fdc62e6f279c0250f48d .av-image-caption-overlay-center{\ncolor:#ffffff;\n}\n<\/style>\n<div  class='avia-image-container av-htk82h-51fc2c279466fdc62e6f279c0250f48d av-styling- avia-align-center  avia-builder-el-3  avia-builder-el-no-sibling '   itemprop=\"image\" itemscope=\"itemscope\" itemtype=\"https:\/\/schema.org\/ImageObject\" ><div class=\"avia-image-container-inner\"><div class=\"avia-image-overlay-wrap\"><img decoding=\"async\" fetchpriority=\"high\" class='wp-image-7268 avia-img-lazy-loading-not-7268 avia_image ' src=\"https:\/\/humartech.uma.es\/iarthislab\/wp-content\/uploads\/2018\/03\/isabel-hidalgo-350x350.jpg\" alt='' title=''  height=\"350\" width=\"350\"  itemprop=\"thumbnailUrl\" srcset=\"https:\/\/humartech.uma.es\/iarthislab\/wp-content\/uploads\/2018\/03\/isabel-hidalgo-350x350.jpg 350w, https:\/\/humartech.uma.es\/iarthislab\/wp-content\/uploads\/2018\/03\/isabel-hidalgo-350x350-80x80.jpg 80w, https:\/\/humartech.uma.es\/iarthislab\/wp-content\/uploads\/2018\/03\/isabel-hidalgo-350x350-300x300.jpg 300w, https:\/\/humartech.uma.es\/iarthislab\/wp-content\/uploads\/2018\/03\/isabel-hidalgo-350x350-36x36.jpg 36w, https:\/\/humartech.uma.es\/iarthislab\/wp-content\/uploads\/2018\/03\/isabel-hidalgo-350x350-180x180.jpg 180w\" sizes=\"(max-width: 350px) 100vw, 350px\" \/><\/div><\/div><\/div><\/div>\n\n<style type=\"text\/css\" data-created_by=\"avia_inline_auto\" id=\"style-css-av-gg3j4p-5595f4aef9d4949a21b0a5e97e559528\">\n.flex_column.av-gg3j4p-5595f4aef9d4949a21b0a5e97e559528{\nborder-radius:0px 0px 0px 0px;\npadding:0px 0px 0px 0px;\n}\n<\/style>\n<div  class='flex_column av-gg3j4p-5595f4aef9d4949a21b0a5e97e559528 av_three_fourth  avia-builder-el-4  el_after_av_one_fourth  el_before_av_hr  flex_column_div av-zero-column-padding  '     ><p>\n<style type=\"text\/css\" data-created_by=\"avia_inline_auto\" id=\"style-css-av-av_heading-568c42f71b1efe8f470b5f290b5d0439\">\n#top .av-special-heading.av-av_heading-568c42f71b1efe8f470b5f290b5d0439{\npadding-bottom:10px;\n}\nbody .av-special-heading.av-av_heading-568c42f71b1efe8f470b5f290b5d0439 .av-special-heading-tag .heading-char{\nfont-size:25px;\n}\n.av-special-heading.av-av_heading-568c42f71b1efe8f470b5f290b5d0439 .av-subheading{\nfont-size:15px;\n}\n<\/style>\n<div  class='av-special-heading av-av_heading-568c42f71b1efe8f470b5f290b5d0439 av-special-heading-h3  avia-builder-el-5  el_before_av_textblock  avia-builder-el-first '><h3 class='av-special-heading-tag '  itemprop=\"headline\"  >Mar\u00eda Isabel Hidalgo Urbaneja<\/h3><div class=\"special-heading-border\"><div class=\"special-heading-inner-border\"><\/div><\/div><\/div><br \/>\n<section  class='av_textblock_section av-d1sgbt-19d411e750c60257013960c2c70810e7 '   itemscope=\"itemscope\" itemtype=\"https:\/\/schema.org\/CreativeWork\" ><div class='avia_textblock'  itemprop=\"text\" ><p><strong>Puesto de trabajo:<\/strong> Investigadora posdoctoral. Chelsea College of Art and Design (University of the Arts London)<br \/>\n<strong>P\u00e1gina web:<\/strong> http:\/\/m-hidalgo.com<br \/>\n<strong>Correo electr\u00f3nico:<\/strong> m.hidalgo-urbaneja.1@research.gla.ac.uk<br \/>\n<strong>Grado o licenciatura:<\/strong> Bellas Artes, Universidad de Granada, 2007.<br \/>\n<strong>M\u00e1ster:<\/strong> Edici\u00f3n, Periodismo y Gesti\u00f3n Cultural, Universit\u00e0 degli Studi la Sapienza di Roma, 2009.<br \/>\n<strong>Doctorado:<\/strong> Museum Studies. University of Glasgow, 2019<\/p>\n<\/div><\/section><br \/>\n\n<style type=\"text\/css\" data-created_by=\"avia_inline_auto\" id=\"style-css-av-av_heading-104c40801f89db3d94c5faa088fee931\">\n#top .av-special-heading.av-av_heading-104c40801f89db3d94c5faa088fee931{\npadding-bottom:10px;\n}\nbody .av-special-heading.av-av_heading-104c40801f89db3d94c5faa088fee931 .av-special-heading-tag .heading-char{\nfont-size:25px;\n}\n.av-special-heading.av-av_heading-104c40801f89db3d94c5faa088fee931 .av-subheading{\nfont-size:15px;\n}\n<\/style>\n<div  class='av-special-heading av-av_heading-104c40801f89db3d94c5faa088fee931 av-special-heading-h4  avia-builder-el-7  el_after_av_textblock  el_before_av_textblock '><h4 class='av-special-heading-tag '  itemprop=\"headline\"  >Curr\u00edculum<\/h4><div class=\"special-heading-border\"><div class=\"special-heading-inner-border\"><\/div><\/div><\/div><br \/>\n<section  class='av_textblock_section av-9kqcpl-c6695c78f958c8017755f3057fcdcbc2 '   itemscope=\"itemscope\" itemtype=\"https:\/\/schema.org\/CreativeWork\" ><div class='avia_textblock'  itemprop=\"text\" ><p>Doctoranda en HATII \u2013 Humanities Advanced Technologies and Information Institute de la University of Glasgow. Su tesis est\u00e1 co-dirigida por Dra. Nuria Rodr\u00edguez Ortega de la Universidad de M\u00e1laga, y est\u00e1 centrada en las narrativas desarrolladas por los museos de arte en Internet.<\/p>\n<p>Licenciada en Bellas Artes por la Universidad de Granada y M\u00e1ster en Editoria, Giornalismo e Management Culturale por la Universit\u00e0 degli Studi la Sapienza di Roma, becado por el programa Talentia. Ha trabajado en el campo de las humanidades digitales, edici\u00f3n y comunicaci\u00f3n digital para instituciones culturales como la National Gallery of Art de Washington DC o el Instituto Cervantes de Roma; as\u00ed como en restauraci\u00f3n art\u00edstica y patrimonial tanto en Espa\u00f1a como en Italia.<\/p>\n<p>Los resultados de su investigaci\u00f3n han sido presentados en diferentes congresos internacionales de Humanidades Digitales como el I Congreso Internacional de Humanidades Digitales Hisp\u00e1nicas celebrado en La Coru\u00f1a, Digital Humanities 2014 Conference en Lausanne o 1st Digital Humanities Early Career Conference organizado por el King\u2019s College London.<\/p>\n<\/div><\/section><br \/>\n\n<style type=\"text\/css\" data-created_by=\"avia_inline_auto\" id=\"style-css-av-7pg5mx-7fc326b2961ce0b165dc6478d920a525\">\n#top .hr.hr-invisible.av-7pg5mx-7fc326b2961ce0b165dc6478d920a525{\nheight:50px;\n}\n<\/style>\n<div  class='hr av-7pg5mx-7fc326b2961ce0b165dc6478d920a525 hr-invisible  avia-builder-el-9  el_after_av_textblock  avia-builder-el-last '><span class='hr-inner '><span class=\"hr-inner-style\"><\/span><\/span><\/div><\/p><\/div>\n<style type=\"text\/css\" data-created_by=\"avia_inline_auto\" id=\"style-css-av-5o5hcp-a39477201d97026194a064a7c58fd5f7\">\n#top .hr.hr-invisible.av-5o5hcp-a39477201d97026194a064a7c58fd5f7{\nheight:50px;\n}\n<\/style>\n<div  class='hr av-5o5hcp-a39477201d97026194a064a7c58fd5f7 hr-invisible  avia-builder-el-10  el_after_av_three_fourth  el_before_av_button_big  avia-builder-el-last '><span class='hr-inner '><span class=\"hr-inner-style\"><\/span><\/span><\/div><\/p>\n<div  class='avia-button-wrap avia-button-center  avia-builder-el-11  el_after_av_hr  el_before_av_hr '>\n<style type=\"text\/css\" data-created_by=\"avia_inline_auto\" id=\"style-css-av-3qpws9-e442698e2e6e320036b4db64166fc8d0\">\n#top #wrap_all .avia-button.av-3qpws9-e442698e2e6e320036b4db64166fc8d0{\ncolor:#ffffff;\ntransition:all 0.4s ease-in-out;\n}\n#top #wrap_all .avia-button.av-3qpws9-e442698e2e6e320036b4db64166fc8d0:hover{\nbackground-color:orange;\ncolor:#ffffff;\ntransition:all 0.4s ease-in-out;\n}\n#top #wrap_all .avia-button.av-3qpws9-e442698e2e6e320036b4db64166fc8d0 .avia-svg-icon svg:first-child{\nfill:#ffffff;\nstroke:#ffffff;\n}\n#top #wrap_all .avia-button.av-3qpws9-e442698e2e6e320036b4db64166fc8d0:hover .avia-svg-icon svg:first-child{\nfill:#ffffff;\nstroke:#ffffff;\n}\n<\/style>\n<a href='https:\/\/humartech.uma.es\/iarthislab\/miembros\/' class='av-icon-on-hover avia-color-red avia-button avia-button-fullwidth av-3qpws9-e442698e2e6e320036b4db64166fc8d0 avia-icon_select-yes-left-icon avia-color-red'   aria-label=\"VOLVER A MIEMBROS\"><span class='avia_button_icon avia_button_icon_left avia-iconfont avia-font-entypo-fontello' data-av_icon='\ue830' data-av_iconfont='entypo-fontello' ><\/span><span class='avia_iconbox_title' >VOLVER A MIEMBROS<\/span><\/a><\/div>\n\n<style type=\"text\/css\" data-created_by=\"avia_inline_auto\" id=\"style-css-av-2wfsyh-f4ec62bd4dc0bfbef14ff9fa8fc7ea71\">\n#top .hr.hr-invisible.av-2wfsyh-f4ec62bd4dc0bfbef14ff9fa8fc7ea71{\nheight:50px;\n}\n<\/style>\n<div  class='hr av-2wfsyh-f4ec62bd4dc0bfbef14ff9fa8fc7ea71 hr-invisible  avia-builder-el-12  el_after_av_button_big  avia-builder-el-no-sibling '><span class='hr-inner '><span class=\"hr-inner-style\"><\/span><\/span><\/div>\n","protected":false},"excerpt":{"rendered":"","protected":false},"author":1,"featured_media":0,"parent":7250,"menu_order":0,"comment_status":"closed","ping_status":"closed","template":"","meta":{"footnotes":""},"class_list":["post-7433","page","type-page","status-publish","hentry"],"_links":{"self":[{"href":"https:\/\/humartech.uma.es\/iarthislab\/wp-json\/wp\/v2\/pages\/7433","targetHints":{"allow":["GET"]}}],"collection":[{"href":"https:\/\/humartech.uma.es\/iarthislab\/wp-json\/wp\/v2\/pages"}],"about":[{"href":"https:\/\/humartech.uma.es\/iarthislab\/wp-json\/wp\/v2\/types\/page"}],"author":[{"embeddable":true,"href":"https:\/\/humartech.uma.es\/iarthislab\/wp-json\/wp\/v2\/users\/1"}],"replies":[{"embeddable":true,"href":"https:\/\/humartech.uma.es\/iarthislab\/wp-json\/wp\/v2\/comments?post=7433"}],"version-history":[{"count":0,"href":"https:\/\/humartech.uma.es\/iarthislab\/wp-json\/wp\/v2\/pages\/7433\/revisions"}],"up":[{"embeddable":true,"href":"https:\/\/humartech.uma.es\/iarthislab\/wp-json\/wp\/v2\/pages\/7250"}],"wp:attachment":[{"href":"https:\/\/humartech.uma.es\/iarthislab\/wp-json\/wp\/v2\/media?parent=7433"}],"curies":[{"name":"wp","href":"https:\/\/api.w.org\/{rel}","templated":true}]}}