{"id":7336,"date":"2018-03-07T12:38:08","date_gmt":"2018-03-07T12:38:08","guid":{"rendered":"https:\/\/humartech.uma.es\/iarthislab\/?page_id=7336"},"modified":"2018-03-09T09:22:28","modified_gmt":"2018-03-09T09:22:28","slug":"recursos","status":"publish","type":"page","link":"https:\/\/humartech.uma.es\/iarthislab\/nuestro-trabajo\/recursos\/","title":{"rendered":"Recursos"},"content":{"rendered":"\n<style type=\"text\/css\" data-created_by=\"avia_inline_auto\" id=\"style-css-av-av_section-4446a279b973662f3f99c4b5bd8eee94\">\n.avia-section.av-av_section-4446a279b973662f3f99c4b5bd8eee94{\nbackground-repeat:no-repeat;\nbackground-image:url(https:\/\/humartech.uma.es\/iarthislab\/wp-content\/uploads\/2018\/03\/pattern-top-400.jpg);\nbackground-position:50% 0%;\nbackground-attachment:fixed;\n}\n.avia-section.av-av_section-4446a279b973662f3f99c4b5bd8eee94 .av-section-color-overlay{\nopacity:0.1;\nbackground-color:#ffffff;\n}\n<\/style>\n<div id='av_section_1'  class='avia-section av-av_section-4446a279b973662f3f99c4b5bd8eee94 main_color avia-section-no-padding avia-no-border-styling  avia-builder-el-0  el_before_av_textblock  avia-builder-el-first  avia-bg-style-fixed av-section-color-overlay-active av-minimum-height av-minimum-height-custom av-height-custom  container_wrap sidebar_right'  data-section-bg-repeat='no-repeat' data-av_minimum_height_px='220'><div class=\"av-section-color-overlay-wrap\"><div class=\"av-section-color-overlay\"><\/div><div class='container av-section-cont-open' style='height:220px'><main  role=\"main\" itemprop=\"mainContentOfPage\"  class='template-page content  av-content-small alpha units'><div class='post-entry post-entry-type-page post-entry-7336'><div class='entry-content-wrapper clearfix'>\n\n<style type=\"text\/css\" data-created_by=\"avia_inline_auto\" id=\"style-css-av-av_heading-7ba9b7e69f8d4ee3b7420751a6d577eb\">\n#top .av-special-heading.av-av_heading-7ba9b7e69f8d4ee3b7420751a6d577eb{\npadding-bottom:10px;\ncolor:#a3191f;\n}\nbody .av-special-heading.av-av_heading-7ba9b7e69f8d4ee3b7420751a6d577eb .av-special-heading-tag .heading-char{\nfont-size:25px;\n}\n.av-special-heading.av-av_heading-7ba9b7e69f8d4ee3b7420751a6d577eb .special-heading-inner-border{\nborder-color:#a3191f;\n}\n.av-special-heading.av-av_heading-7ba9b7e69f8d4ee3b7420751a6d577eb .av-subheading{\nfont-size:15px;\n}\n<\/style>\n<div  class='av-special-heading av-av_heading-7ba9b7e69f8d4ee3b7420751a6d577eb av-special-heading-h2 custom-color-heading blockquote modern-quote  avia-builder-el-1  avia-builder-el-no-sibling '><h2 class='av-special-heading-tag '  itemprop=\"headline\"  >Recursos<\/h2><div class=\"special-heading-border\"><div class=\"special-heading-inner-border\"><\/div><\/div><\/div>\n<\/div><\/div><\/main><!-- close content main element --><\/div><\/div><\/div><div id='after_section_1'  class='main_color av_default_container_wrap container_wrap sidebar_right'  ><div class='container av-section-cont-open' ><div class='template-page content  av-content-small alpha units'><div class='post-entry post-entry-type-page post-entry-7336'><div class='entry-content-wrapper clearfix'>\n<section  class='av_textblock_section av-av_textblock-2de302bf1aa3cf4c9157dbe6f50ac7eb '   itemscope=\"itemscope\" itemtype=\"https:\/\/schema.org\/CreativeWork\" ><div class='avia_textblock'  itemprop=\"text\" ><p>Puesto que el enfoque digital del trabajo en Humanidades en general, y en Historia del Arte en particular, es por su propia naturaleza abierto y colaborativo, la web est\u00e1 llena de una gran variedad de recursos que pueden ser muy valiosos, e incluso vitales, para obtener resultados importantes en el campo de la investigaci\u00f3n. Muchos humanistas digitales utilizan estos recursos para mantenerse al d\u00eda, comunicarse dentro de su \u00e1mbito acad\u00e9mico, ampliar su formaci\u00f3n, adquirir experiencia, montar redes de intercambio y muchas otras tareas. Por ello, <strong>iArtHis_Lab<\/strong> ofrece una p\u00e1gina espec\u00edfica donde se agrupan y presentan los recursos m\u00e1s esenciales para facilitar el trabajo seg\u00fan el paradigma digital.<\/p>\n<\/div><\/section>\n<\/div><\/div><\/div><!-- close content main div --><\/div><\/div><div id='av_section_2'  class='avia-section av-av_section-f3892e610ee9633c68397830e8f2c661 main_color avia-section-default avia-no-border-styling  avia-builder-el-3  el_after_av_textblock  el_before_av_section  avia-bg-style-scroll container_wrap sidebar_right'  ><div class='container av-section-cont-open' ><div class='template-page content  av-content-small alpha units'><div class='post-entry post-entry-type-page post-entry-7336'><div class='entry-content-wrapper clearfix'>\n\n<style type=\"text\/css\" data-created_by=\"avia_inline_auto\" id=\"style-css-av-av_one_half-15d750bd1b332b34c6e70b077ebbccdf\">\n.flex_column.av-av_one_half-15d750bd1b332b34c6e70b077ebbccdf{\nborder-radius:0px 0px 0px 0px;\npadding:0px 0px 0px 0px;\n}\n<\/style>\n<div  class='flex_column av-av_one_half-15d750bd1b332b34c6e70b077ebbccdf av_one_half  avia-builder-el-4  el_before_av_one_half  avia-builder-el-first  first flex_column_div av-zero-column-padding  '     ><p>\n<style type=\"text\/css\" data-created_by=\"avia_inline_auto\" id=\"style-css-av-av_heading-f4696706b50e5f123321e53269bb4923\">\n#top .av-special-heading.av-av_heading-f4696706b50e5f123321e53269bb4923{\npadding-bottom:10px;\n}\nbody .av-special-heading.av-av_heading-f4696706b50e5f123321e53269bb4923 .av-special-heading-tag .heading-char{\nfont-size:25px;\n}\n.av-special-heading.av-av_heading-f4696706b50e5f123321e53269bb4923 .av-subheading{\nfont-size:15px;\n}\n<\/style>\n<div  class='av-special-heading av-av_heading-f4696706b50e5f123321e53269bb4923 av-special-heading-h3  avia-builder-el-5  el_before_av_hr  avia-builder-el-first '><h3 class='av-special-heading-tag '  itemprop=\"headline\"  >Herramientas para la visualizaci\u00f3n de datos<\/h3><div class=\"special-heading-border\"><div class=\"special-heading-inner-border\"><\/div><\/div><\/div><br \/>\n\n<style type=\"text\/css\" data-created_by=\"avia_inline_auto\" id=\"style-css-av-av_hr-741ab06d0690c1111415ef58b6e9dc92\">\n#top .hr.hr-invisible.av-av_hr-741ab06d0690c1111415ef58b6e9dc92{\nheight:40px;\n}\n<\/style>\n<div  class='hr av-av_hr-741ab06d0690c1111415ef58b6e9dc92 hr-invisible  avia-builder-el-6  el_after_av_heading  el_before_av_icon_box '><span class='hr-inner '><span class=\"hr-inner-style\"><\/span><\/span><\/div><br \/>\n<article  class='iconbox iconbox_left av-av_icon_box-4620361305d4fa4cae5615dc45bb132b  avia-builder-el-7  el_after_av_hr  avia-builder-el-last '  itemscope=\"itemscope\" itemtype=\"https:\/\/schema.org\/CreativeWork\" ><div class=\"iconbox_content\"><header class=\"entry-content-header\" aria-label=\"Icon: ManyEyes\"><div class='iconbox_icon heading-color avia-iconfont avia-font-entypo-fontello' data-av_icon='\ue826' data-av_iconfont='entypo-fontello'  ><\/div><h3 class='iconbox_content_title '  itemprop=\"headline\" >ManyEyes<\/h3><\/header><div class='iconbox_content_container '  itemprop=\"text\" ><p>Es una plataforma de acceso abierto que permite creardiversas visualizaciones a partir de un conjunto de datos propios. \u00danicamente hay que subirlos a la plataforma y seleccionar el tipo de visualizaci\u00f3n. No obstante, hay que tener en cuenta que todos los datos que se suben se convierten en p\u00fablicos por defecto. Tambi\u00e9n hay que tener en cuenta que se necesita el plugin de Java, el cual, por ejemplo, no funciona con Chrome y otros navegadores.<\/p>\n<\/div><\/div><footer class=\"entry-footer\"><\/footer><\/article><\/p><\/div>\n<style type=\"text\/css\" data-created_by=\"avia_inline_auto\" id=\"style-css-av-av_one_half-c8fc129dc35fd1ae2a1e410224d39ea8\">\n.flex_column.av-av_one_half-c8fc129dc35fd1ae2a1e410224d39ea8{\nborder-radius:0px 0px 0px 0px;\npadding:0px 0px 0px 0px;\n}\n<\/style>\n<div  class='flex_column av-av_one_half-c8fc129dc35fd1ae2a1e410224d39ea8 av_one_half  avia-builder-el-8  el_after_av_one_half  avia-builder-el-last  flex_column_div av-zero-column-padding  '     ><p>\n<style type=\"text\/css\" data-created_by=\"avia_inline_auto\" id=\"style-css-av-av_heading-b918cd977a9eb7e4d38de741111b0f9b\">\n#top .av-special-heading.av-av_heading-b918cd977a9eb7e4d38de741111b0f9b{\npadding-bottom:10px;\n}\nbody .av-special-heading.av-av_heading-b918cd977a9eb7e4d38de741111b0f9b .av-special-heading-tag .heading-char{\nfont-size:25px;\n}\n.av-special-heading.av-av_heading-b918cd977a9eb7e4d38de741111b0f9b .av-subheading{\nfont-size:15px;\n}\n<\/style>\n<div  class='av-special-heading av-av_heading-b918cd977a9eb7e4d38de741111b0f9b av-special-heading-h3  avia-builder-el-9  el_before_av_hr  avia-builder-el-first '><h3 class='av-special-heading-tag '  itemprop=\"headline\"  >Repositorio general<\/h3><div class=\"special-heading-border\"><div class=\"special-heading-inner-border\"><\/div><\/div><\/div><br \/>\n\n<style type=\"text\/css\" data-created_by=\"avia_inline_auto\" id=\"style-css-av-av_hr-741ab06d0690c1111415ef58b6e9dc92\">\n#top .hr.hr-invisible.av-av_hr-741ab06d0690c1111415ef58b6e9dc92{\nheight:40px;\n}\n<\/style>\n<div  class='hr av-av_hr-741ab06d0690c1111415ef58b6e9dc92 hr-invisible  avia-builder-el-10  el_after_av_heading  el_before_av_icon_box '><span class='hr-inner '><span class=\"hr-inner-style\"><\/span><\/span><\/div><br \/>\n<article  class='iconbox iconbox_left av-av_icon_box-2325934b666d567102bd115d9f5f6f31  avia-builder-el-11  el_after_av_hr  avia-builder-el-last '  itemscope=\"itemscope\" itemtype=\"https:\/\/schema.org\/CreativeWork\" ><div class=\"iconbox_content\"><header class=\"entry-content-header\" aria-label=\"Icon: CenterNet-Red Internacional de Centros de Humanidades Digitales\"><div class='iconbox_icon heading-color avia-iconfont avia-font-entypo-fontello' data-av_icon='\ue80b' data-av_iconfont='entypo-fontello' title=\"CenterNet-Red Internacional de Centros de Humanidades Digitales\" desc=\"CenterNet-Red Internacional de Centros de Humanidades Digitales\" ><\/div><h3 class='iconbox_content_title '  itemprop=\"headline\" ><a href='http:\/\/digitalhumanities.org\/centernet\/' title='CenterNet-Red Internacional de Centros de Humanidades Digitales'  target=\"_blank\"  rel=\"noopener noreferrer\" >CenterNet-Red Internacional de Centros de Humanidades Digitales<\/a><\/h3><\/header><div class='iconbox_content_container '  itemprop=\"text\" ><p>CenterNet is an international network of digital humanities centers formed for cooperative and collaborative action to benefit digital humanities and allied fields in general, and centers as humanities cyberinfrastructure in particular<\/p>\n<\/div><\/div><footer class=\"entry-footer\"><\/footer><\/article><\/p><\/div><\/div><\/div><\/div><!-- close content main div --><\/div><\/div><div id='av_section_3'  class='avia-section av-av_section-f3892e610ee9633c68397830e8f2c661 main_color avia-section-default avia-no-border-styling  avia-builder-el-12  el_after_av_section  avia-builder-el-last  avia-bg-style-scroll container_wrap sidebar_right'  ><div class='container av-section-cont-open' ><div class='template-page content  av-content-small alpha units'><div class='post-entry post-entry-type-page post-entry-7336'><div class='entry-content-wrapper clearfix'>\n\n<style type=\"text\/css\" data-created_by=\"avia_inline_auto\" id=\"style-css-av-av_one_half-15d750bd1b332b34c6e70b077ebbccdf\">\n.flex_column.av-av_one_half-15d750bd1b332b34c6e70b077ebbccdf{\nborder-radius:0px 0px 0px 0px;\npadding:0px 0px 0px 0px;\n}\n<\/style>\n<div  class='flex_column av-av_one_half-15d750bd1b332b34c6e70b077ebbccdf av_one_half  avia-builder-el-13  el_before_av_one_half  avia-builder-el-first  first flex_column_div av-zero-column-padding  '     ><article  class='iconbox iconbox_left av-av_icon_box-05eed18462ce56b8855b45cccc894aee  avia-builder-el-14  avia-builder-el-no-sibling '  itemscope=\"itemscope\" itemtype=\"https:\/\/schema.org\/CreativeWork\" ><div class=\"iconbox_content\"><header class=\"entry-content-header\" aria-label=\"Icon: Palladio\"><div class='iconbox_icon heading-color avia-iconfont avia-font-entypo-fontello' data-av_icon='\ue83a' data-av_iconfont='entypo-fontello'  ><\/div><h3 class='iconbox_content_title '  itemprop=\"headline\" >Palladio<\/h3><\/header><div class='iconbox_content_container '  itemprop=\"text\" ><p>M\u00e1s avanzado que ManyEyes, Palladio es un proyecto reciente de la Stanford\u2019s Humanities + Design Lab. Permite utilizar un conjunto de datos propios y obtener distintas visualizaciones complejas, combinando diferentes modalidades gr\u00e1ficas o creando relaciones entre tablas.<\/p>\n<\/div><\/div><footer class=\"entry-footer\"><\/footer><\/article><\/div>\n<style type=\"text\/css\" data-created_by=\"avia_inline_auto\" id=\"style-css-av-av_one_half-c8fc129dc35fd1ae2a1e410224d39ea8\">\n.flex_column.av-av_one_half-c8fc129dc35fd1ae2a1e410224d39ea8{\nborder-radius:0px 0px 0px 0px;\npadding:0px 0px 0px 0px;\n}\n<\/style>\n<div  class='flex_column av-av_one_half-c8fc129dc35fd1ae2a1e410224d39ea8 av_one_half  avia-builder-el-15  el_after_av_one_half  el_before_av_hr  flex_column_div av-zero-column-padding  '     ><article  class='iconbox iconbox_left av-av_icon_box-1c7fd480b1457827c80c2394da044936  avia-builder-el-16  avia-builder-el-no-sibling '  itemscope=\"itemscope\" itemtype=\"https:\/\/schema.org\/CreativeWork\" ><div class=\"iconbox_content\"><header class=\"entry-content-header\" aria-label=\"Icon: Alliance of Digital Humanities Organization (ADHO)\"><div class='iconbox_icon heading-color avia-iconfont avia-font-entypo-fontello' data-av_icon='\ue84c' data-av_iconfont='entypo-fontello' title=\"Alliance of Digital Humanities Organization (ADHO)\" desc=\"Alliance of Digital Humanities Organization (ADHO)\" ><\/div><h3 class='iconbox_content_title '  itemprop=\"headline\" ><a href='http:\/\/www.digitalhumanities.org\/' title='Alliance of Digital Humanities Organization (ADHO)'  target=\"_blank\"  rel=\"noopener noreferrer\" >Alliance of Digital Humanities Organization (ADHO)<\/a><\/h3><\/header><div class='iconbox_content_container '  itemprop=\"text\" ><p>The Alliance of Digital Humanities Organizations (ADHO) promotes and supports digital research and teaching across all arts and humanities disciplines, acting as a community-based advisory force, and supporting excellence in research, publication\u2026<\/p>\n<\/div><\/div><footer class=\"entry-footer\"><\/footer><\/article><\/div>\n<style type=\"text\/css\" data-created_by=\"avia_inline_auto\" id=\"style-css-av-av_hr-e51f6258d6b52ff5dc673cbd0df88b0f\">\n#top .hr.hr-invisible.av-av_hr-e51f6258d6b52ff5dc673cbd0df88b0f{\nheight:60px;\n}\n<\/style>\n<div  class='hr av-av_hr-e51f6258d6b52ff5dc673cbd0df88b0f hr-invisible  avia-builder-el-17  el_after_av_one_half  avia-builder-el-last '><span class='hr-inner '><span class=\"hr-inner-style\"><\/span><\/span><\/div>\n<\/div><\/div><\/div><!-- close content main div --><\/div><\/div><div id='after_section_3'  class='main_color av_default_container_wrap container_wrap sidebar_right'  ><div class='container av-section-cont-open' ><div class='template-page content  av-content-small alpha units'><div class='post-entry post-entry-type-page post-entry-7336'><div class='entry-content-wrapper clearfix'><\/p>\n","protected":false},"excerpt":{"rendered":"","protected":false},"author":1,"featured_media":0,"parent":7328,"menu_order":0,"comment_status":"closed","ping_status":"closed","template":"","meta":{"footnotes":""},"class_list":["post-7336","page","type-page","status-publish","hentry"],"_links":{"self":[{"href":"https:\/\/humartech.uma.es\/iarthislab\/wp-json\/wp\/v2\/pages\/7336","targetHints":{"allow":["GET"]}}],"collection":[{"href":"https:\/\/humartech.uma.es\/iarthislab\/wp-json\/wp\/v2\/pages"}],"about":[{"href":"https:\/\/humartech.uma.es\/iarthislab\/wp-json\/wp\/v2\/types\/page"}],"author":[{"embeddable":true,"href":"https:\/\/humartech.uma.es\/iarthislab\/wp-json\/wp\/v2\/users\/1"}],"replies":[{"embeddable":true,"href":"https:\/\/humartech.uma.es\/iarthislab\/wp-json\/wp\/v2\/comments?post=7336"}],"version-history":[{"count":0,"href":"https:\/\/humartech.uma.es\/iarthislab\/wp-json\/wp\/v2\/pages\/7336\/revisions"}],"up":[{"embeddable":true,"href":"https:\/\/humartech.uma.es\/iarthislab\/wp-json\/wp\/v2\/pages\/7328"}],"wp:attachment":[{"href":"https:\/\/humartech.uma.es\/iarthislab\/wp-json\/wp\/v2\/media?parent=7336"}],"curies":[{"name":"wp","href":"https:\/\/api.w.org\/{rel}","templated":true}]}}