{"id":7330,"date":"2018-03-07T11:33:06","date_gmt":"2018-03-07T11:33:06","guid":{"rendered":"https:\/\/humartech.uma.es\/iarthislab\/?page_id=7330"},"modified":"2018-03-09T09:26:45","modified_gmt":"2018-03-09T09:26:45","slug":"asesoria-y-consultoria","status":"publish","type":"page","link":"https:\/\/humartech.uma.es\/iarthislab\/nuestro-trabajo\/asesoria-y-consultoria\/","title":{"rendered":"Asesor\u00eda y consultor\u00eda"},"content":{"rendered":"\n<style type=\"text\/css\" data-created_by=\"avia_inline_auto\" id=\"style-css-av-av_section-4446a279b973662f3f99c4b5bd8eee94\">\n.avia-section.av-av_section-4446a279b973662f3f99c4b5bd8eee94{\nbackground-repeat:no-repeat;\nbackground-image:url(https:\/\/humartech.uma.es\/iarthislab\/wp-content\/uploads\/2018\/03\/pattern-top-400.jpg);\nbackground-position:50% 0%;\nbackground-attachment:fixed;\n}\n.avia-section.av-av_section-4446a279b973662f3f99c4b5bd8eee94 .av-section-color-overlay{\nopacity:0.1;\nbackground-color:#ffffff;\n}\n<\/style>\n<div id='av_section_1'  class='avia-section av-av_section-4446a279b973662f3f99c4b5bd8eee94 main_color avia-section-no-padding avia-no-border-styling  avia-builder-el-0  el_before_av_one_half  avia-builder-el-first  avia-bg-style-fixed av-section-color-overlay-active av-minimum-height av-minimum-height-custom av-height-custom  container_wrap sidebar_right'  data-section-bg-repeat='no-repeat' data-av_minimum_height_px='220'><div class=\"av-section-color-overlay-wrap\"><div class=\"av-section-color-overlay\"><\/div><div class='container av-section-cont-open' style='height:220px'><main  role=\"main\" itemprop=\"mainContentOfPage\"  class='template-page content  av-content-small alpha units'><div class='post-entry post-entry-type-page post-entry-7330'><div class='entry-content-wrapper clearfix'>\n\n<style type=\"text\/css\" data-created_by=\"avia_inline_auto\" id=\"style-css-av-av_heading-fa5e4796a99b8a01c9e7df45b3da4c35\">\n#top .av-special-heading.av-av_heading-fa5e4796a99b8a01c9e7df45b3da4c35{\npadding-bottom:10px;\ncolor:#a3191f;\n}\nbody .av-special-heading.av-av_heading-fa5e4796a99b8a01c9e7df45b3da4c35 .av-special-heading-tag .heading-char{\nfont-size:25px;\n}\n.av-special-heading.av-av_heading-fa5e4796a99b8a01c9e7df45b3da4c35 .special-heading-inner-border{\nborder-color:#a3191f;\n}\n.av-special-heading.av-av_heading-fa5e4796a99b8a01c9e7df45b3da4c35 .av-subheading{\nfont-size:15px;\n}\n<\/style>\n<div  class='av-special-heading av-av_heading-fa5e4796a99b8a01c9e7df45b3da4c35 av-special-heading-h2 custom-color-heading blockquote modern-quote  avia-builder-el-1  avia-builder-el-no-sibling '><h2 class='av-special-heading-tag '  itemprop=\"headline\"  >Asesor\u00eda y consultor\u00eda<\/h2><div class=\"special-heading-border\"><div class=\"special-heading-inner-border\"><\/div><\/div><\/div>\n<\/div><\/div><\/main><!-- close content main element --><\/div><\/div><\/div><div id='after_section_1'  class='main_color av_default_container_wrap container_wrap sidebar_right'  ><div class='container av-section-cont-open' ><div class='template-page content  av-content-small alpha units'><div class='post-entry post-entry-type-page post-entry-7330'><div class='entry-content-wrapper clearfix'>\n\n<style type=\"text\/css\" data-created_by=\"avia_inline_auto\" id=\"style-css-av-av_one_half-15d750bd1b332b34c6e70b077ebbccdf\">\n.flex_column.av-av_one_half-15d750bd1b332b34c6e70b077ebbccdf{\nborder-radius:0px 0px 0px 0px;\npadding:0px 0px 0px 0px;\n}\n<\/style>\n<div  class='flex_column av-av_one_half-15d750bd1b332b34c6e70b077ebbccdf av_one_half  avia-builder-el-2  el_after_av_section  el_before_av_one_half  avia-builder-el-first  first flex_column_div av-zero-column-padding  '     ><p>\n<style type=\"text\/css\" data-created_by=\"avia_inline_auto\" id=\"style-css-av-av_heading-8cb65df56741e0d29707d9503c77ee84\">\n#top .av-special-heading.av-av_heading-8cb65df56741e0d29707d9503c77ee84{\npadding-bottom:10px;\ncolor:#a3191f;\n}\nbody .av-special-heading.av-av_heading-8cb65df56741e0d29707d9503c77ee84 .av-special-heading-tag .heading-char{\nfont-size:25px;\n}\n.av-special-heading.av-av_heading-8cb65df56741e0d29707d9503c77ee84 .special-heading-inner-border{\nborder-color:#a3191f;\n}\n.av-special-heading.av-av_heading-8cb65df56741e0d29707d9503c77ee84 .av-subheading{\nfont-size:15px;\n}\n<\/style>\n<div  class='av-special-heading av-av_heading-8cb65df56741e0d29707d9503c77ee84 av-special-heading-h2 custom-color-heading  avia-builder-el-3  el_before_av_textblock  avia-builder-el-first '><h2 class='av-special-heading-tag '  itemprop=\"headline\"  >Asesor\u00eda y consultor\u00eda<\/h2><div class=\"special-heading-border\"><div class=\"special-heading-inner-border\"><\/div><\/div><\/div><br \/>\n<section  class='av_textblock_section av-av_textblock-2de302bf1aa3cf4c9157dbe6f50ac7eb '   itemscope=\"itemscope\" itemtype=\"https:\/\/schema.org\/CreativeWork\" ><div class='avia_textblock'  itemprop=\"text\" ><p><strong>iArtHis_Lab<\/strong> cuenta con un servicio de referencia digital, ofrecido por su equipo mixto de humanistas e inform\u00e1ticos para que puedas resolver tus dudas sobre temas relacionados con las Humanidades Digitales y la Historia del Arte Digital. Por ejemplo:<\/p>\n<ul>\n<li>C\u00f3mo llevar a cabo un determinado proyecto<\/li>\n<li>Costes que puede suponer<\/li>\n<li>Qu\u00e9 herramientas utilizar<\/li>\n<li>D\u00f3nde buscar informaci\u00f3n y qu\u00e9 proyectos similares existen<\/li>\n<\/ul>\n<\/div><\/section><\/p><\/div>\n\n<style type=\"text\/css\" data-created_by=\"avia_inline_auto\" id=\"style-css-av-av_one_half-c8fc129dc35fd1ae2a1e410224d39ea8\">\n.flex_column.av-av_one_half-c8fc129dc35fd1ae2a1e410224d39ea8{\nborder-radius:0px 0px 0px 0px;\npadding:0px 0px 0px 0px;\n}\n<\/style>\n<div  class='flex_column av-av_one_half-c8fc129dc35fd1ae2a1e410224d39ea8 av_one_half  avia-builder-el-5  el_after_av_one_half  el_before_av_hr  flex_column_div av-zero-column-padding  '     ><style type=\"text\/css\" data-created_by=\"avia_inline_auto\" id=\"style-css-av-av_image-574a929e0549be319efe146b4a44f368\">\n.avia-image-container.av-av_image-574a929e0549be319efe146b4a44f368 img.avia_image{\nbox-shadow:none;\n}\n.avia-image-container.av-av_image-574a929e0549be319efe146b4a44f368 .av-image-caption-overlay-center{\ncolor:#ffffff;\n}\n<\/style>\n<div  class='avia-image-container av-av_image-574a929e0549be319efe146b4a44f368 av-styling- avia_animated_image av-animated-when-visible-95 right-to-left avia-align-center  avia-builder-el-6  avia-builder-el-no-sibling '   itemprop=\"image\" itemscope=\"itemscope\" itemtype=\"https:\/\/schema.org\/ImageObject\" ><div class=\"avia-image-container-inner\"><div class=\"avia-image-overlay-wrap\"><img decoding=\"async\" fetchpriority=\"high\" class='wp-image-7331 avia-img-lazy-loading-not-7331 avia_image ' src=\"https:\/\/humartech.uma.es\/iarthislab\/wp-content\/uploads\/2018\/03\/servicio-asesoria.jpg\" alt='' title='servicio-asesoria'  height=\"423\" width=\"640\"  itemprop=\"thumbnailUrl\" srcset=\"https:\/\/humartech.uma.es\/iarthislab\/wp-content\/uploads\/2018\/03\/servicio-asesoria.jpg 640w, https:\/\/humartech.uma.es\/iarthislab\/wp-content\/uploads\/2018\/03\/servicio-asesoria-300x198.jpg 300w\" sizes=\"(max-width: 640px) 100vw, 640px\" \/><\/div><\/div><\/div><\/div>\n\n<style type=\"text\/css\" data-created_by=\"avia_inline_auto\" id=\"style-css-av-av_hr-3939291606d73c33ff653f72406f6d5c\">\n#top .hr.hr-invisible.av-av_hr-3939291606d73c33ff653f72406f6d5c{\nheight:150px;\n}\n<\/style>\n<div  class='hr av-av_hr-3939291606d73c33ff653f72406f6d5c hr-invisible  avia-builder-el-7  el_after_av_one_half  el_before_av_one_half '><span class='hr-inner '><span class=\"hr-inner-style\"><\/span><\/span><\/div>\n\n<style type=\"text\/css\" data-created_by=\"avia_inline_auto\" id=\"style-css-av-av_one_half-15d750bd1b332b34c6e70b077ebbccdf\">\n.flex_column.av-av_one_half-15d750bd1b332b34c6e70b077ebbccdf{\nborder-radius:0px 0px 0px 0px;\npadding:0px 0px 0px 0px;\n}\n<\/style>\n<div  class='flex_column av-av_one_half-15d750bd1b332b34c6e70b077ebbccdf av_one_half  avia-builder-el-8  el_after_av_hr  el_before_av_one_half  first flex_column_div av-zero-column-padding  '     ><style type=\"text\/css\" data-created_by=\"avia_inline_auto\" id=\"style-css-av-av_image-d261592db7e3aeba1ab7a40e3dc9eb1e\">\n.avia-image-container.av-av_image-d261592db7e3aeba1ab7a40e3dc9eb1e img.avia_image{\nbox-shadow:none;\n}\n.avia-image-container.av-av_image-d261592db7e3aeba1ab7a40e3dc9eb1e .av-image-caption-overlay-center{\ncolor:#ffffff;\n}\n<\/style>\n<div  class='avia-image-container av-av_image-d261592db7e3aeba1ab7a40e3dc9eb1e av-styling- avia_animated_image av-animated-when-visible-95 left-to-right avia-align-center  avia-builder-el-9  avia-builder-el-no-sibling '   itemprop=\"image\" itemscope=\"itemscope\" itemtype=\"https:\/\/schema.org\/ImageObject\" ><div class=\"avia-image-container-inner\"><div class=\"avia-image-overlay-wrap\"><img decoding=\"async\" fetchpriority=\"high\" class='wp-image-7332 avia-img-lazy-loading-not-7332 avia_image ' src=\"https:\/\/humartech.uma.es\/iarthislab\/wp-content\/uploads\/2018\/03\/servicio-consultoria.jpg\" alt='' title='servicio-consultoria'  height=\"426\" width=\"640\"  itemprop=\"thumbnailUrl\" srcset=\"https:\/\/humartech.uma.es\/iarthislab\/wp-content\/uploads\/2018\/03\/servicio-consultoria.jpg 640w, https:\/\/humartech.uma.es\/iarthislab\/wp-content\/uploads\/2018\/03\/servicio-consultoria-300x200.jpg 300w\" sizes=\"(max-width: 640px) 100vw, 640px\" \/><\/div><\/div><\/div><\/div>\n\n<style type=\"text\/css\" data-created_by=\"avia_inline_auto\" id=\"style-css-av-av_one_half-c8fc129dc35fd1ae2a1e410224d39ea8\">\n.flex_column.av-av_one_half-c8fc129dc35fd1ae2a1e410224d39ea8{\nborder-radius:0px 0px 0px 0px;\npadding:0px 0px 0px 0px;\n}\n<\/style>\n<div  class='flex_column av-av_one_half-c8fc129dc35fd1ae2a1e410224d39ea8 av_one_half  avia-builder-el-10  el_after_av_one_half  el_before_av_hr  flex_column_div av-zero-column-padding  '     ><p>\n<style type=\"text\/css\" data-created_by=\"avia_inline_auto\" id=\"style-css-av-av_heading-4f9c8515b811cfe25b67311a0229eb79\">\n#top .av-special-heading.av-av_heading-4f9c8515b811cfe25b67311a0229eb79{\npadding-bottom:10px;\ncolor:#a3191f;\n}\nbody .av-special-heading.av-av_heading-4f9c8515b811cfe25b67311a0229eb79 .av-special-heading-tag .heading-char{\nfont-size:25px;\n}\n.av-special-heading.av-av_heading-4f9c8515b811cfe25b67311a0229eb79 .special-heading-inner-border{\nborder-color:#a3191f;\n}\n.av-special-heading.av-av_heading-4f9c8515b811cfe25b67311a0229eb79 .av-subheading{\nfont-size:15px;\n}\n<\/style>\n<div  class='av-special-heading av-av_heading-4f9c8515b811cfe25b67311a0229eb79 av-special-heading-h2 custom-color-heading  avia-builder-el-11  el_before_av_textblock  avia-builder-el-first '><h2 class='av-special-heading-tag '  itemprop=\"headline\"  >Servicio de consultor\u00eda especializada<\/h2><div class=\"special-heading-border\"><div class=\"special-heading-inner-border\"><\/div><\/div><\/div><br \/>\n<section  class='av_textblock_section av-av_textblock-2de302bf1aa3cf4c9157dbe6f50ac7eb '   itemscope=\"itemscope\" itemtype=\"https:\/\/schema.org\/CreativeWork\" ><div class='avia_textblock'  itemprop=\"text\" ><p><strong>iArtHis_Lab<\/strong> cuenta con un equipo interdisciplinar de expertos que te ayudan a sacar el m\u00e1ximo partido a tu proyecto, ofreciendo informaci\u00f3n para:<\/p>\n<ul>\n<li>Posibilidades digitales de un proyecto de humanidades<\/li>\n<li>Herramientas que se recomienda utilizar en casos concretos<\/li>\n<li>Formaci\u00f3n y orientaci\u00f3n en el manejo de dichas herramientas<\/li>\n<li>Asistencia en la elaboraci\u00f3n de memorias, presupuestos y solicitud de proyectos de investigaci\u00f3n<\/li>\n<li>Desarrollo de prototipos.<\/li>\n<\/ul>\n<\/div><\/section><\/p><\/div>\n\n<style type=\"text\/css\" data-created_by=\"avia_inline_auto\" id=\"style-css-av-av_hr-3939291606d73c33ff653f72406f6d5c\">\n#top .hr.hr-invisible.av-av_hr-3939291606d73c33ff653f72406f6d5c{\nheight:150px;\n}\n<\/style>\n<div  class='hr av-av_hr-3939291606d73c33ff653f72406f6d5c hr-invisible  avia-builder-el-13  el_after_av_one_half  avia-builder-el-last '><span class='hr-inner '><span class=\"hr-inner-style\"><\/span><\/span><\/div>\n","protected":false},"excerpt":{"rendered":"","protected":false},"author":1,"featured_media":0,"parent":7328,"menu_order":0,"comment_status":"closed","ping_status":"closed","template":"","meta":{"footnotes":""},"class_list":["post-7330","page","type-page","status-publish","hentry"],"_links":{"self":[{"href":"https:\/\/humartech.uma.es\/iarthislab\/wp-json\/wp\/v2\/pages\/7330","targetHints":{"allow":["GET"]}}],"collection":[{"href":"https:\/\/humartech.uma.es\/iarthislab\/wp-json\/wp\/v2\/pages"}],"about":[{"href":"https:\/\/humartech.uma.es\/iarthislab\/wp-json\/wp\/v2\/types\/page"}],"author":[{"embeddable":true,"href":"https:\/\/humartech.uma.es\/iarthislab\/wp-json\/wp\/v2\/users\/1"}],"replies":[{"embeddable":true,"href":"https:\/\/humartech.uma.es\/iarthislab\/wp-json\/wp\/v2\/comments?post=7330"}],"version-history":[{"count":0,"href":"https:\/\/humartech.uma.es\/iarthislab\/wp-json\/wp\/v2\/pages\/7330\/revisions"}],"up":[{"embeddable":true,"href":"https:\/\/humartech.uma.es\/iarthislab\/wp-json\/wp\/v2\/pages\/7328"}],"wp:attachment":[{"href":"https:\/\/humartech.uma.es\/iarthislab\/wp-json\/wp\/v2\/media?parent=7330"}],"curies":[{"name":"wp","href":"https:\/\/api.w.org\/{rel}","templated":true}]}}