{"id":7305,"date":"2018-03-07T11:06:08","date_gmt":"2018-03-07T11:06:08","guid":{"rendered":"https:\/\/humartech.uma.es\/iarthislab\/?page_id=7305"},"modified":"2020-11-19T12:14:23","modified_gmt":"2020-11-19T12:14:23","slug":"cehad","status":"publish","type":"page","link":"https:\/\/humartech.uma.es\/iarthislab\/formate\/cehad\/","title":{"rendered":"CEHAD"},"content":{"rendered":"\n<style type=\"text\/css\" data-created_by=\"avia_inline_auto\" id=\"style-css-av-26z3bd-b650f83fbba3bda1d13f3f3660cfcb44\">\n.avia-section.av-26z3bd-b650f83fbba3bda1d13f3f3660cfcb44{\nbackground-repeat:no-repeat;\nbackground-image:url(https:\/\/humartech.uma.es\/iarthislab\/wp-content\/uploads\/2018\/03\/pattern-top-400.jpg);\nbackground-position:50% 0%;\nbackground-attachment:fixed;\n}\n.avia-section.av-26z3bd-b650f83fbba3bda1d13f3f3660cfcb44 .av-section-color-overlay{\nopacity:0.1;\nbackground-color:#ffffff;\n}\n<\/style>\n<div id='av_section_1'  class='avia-section av-26z3bd-b650f83fbba3bda1d13f3f3660cfcb44 main_color avia-section-no-padding avia-no-border-styling  avia-builder-el-0  el_before_av_section  avia-builder-el-first  avia-bg-style-fixed av-section-color-overlay-active av-minimum-height av-minimum-height-custom av-height-custom  container_wrap sidebar_right'  data-section-bg-repeat='no-repeat' data-av_minimum_height_px='220'><div class=\"av-section-color-overlay-wrap\"><div class=\"av-section-color-overlay\"><\/div><div class='container av-section-cont-open' style='height:220px'><main  role=\"main\" itemprop=\"mainContentOfPage\"  class='template-page content  av-content-small alpha units'><div class='post-entry post-entry-type-page post-entry-7305'><div class='entry-content-wrapper clearfix'>\n\n<style type=\"text\/css\" data-created_by=\"avia_inline_auto\" id=\"style-css-av-ld5mmh-1b48fa0746a732e2601a045875c4259a\">\n#top .av-special-heading.av-ld5mmh-1b48fa0746a732e2601a045875c4259a{\npadding-bottom:10px;\ncolor:#a3191f;\n}\nbody .av-special-heading.av-ld5mmh-1b48fa0746a732e2601a045875c4259a .av-special-heading-tag .heading-char{\nfont-size:25px;\n}\n.av-special-heading.av-ld5mmh-1b48fa0746a732e2601a045875c4259a .special-heading-inner-border{\nborder-color:#a3191f;\n}\n.av-special-heading.av-ld5mmh-1b48fa0746a732e2601a045875c4259a .av-subheading{\nfont-size:15px;\n}\n<\/style>\n<div  class='av-special-heading av-ld5mmh-1b48fa0746a732e2601a045875c4259a av-special-heading-h2 custom-color-heading blockquote modern-quote  avia-builder-el-1  avia-builder-el-no-sibling '><h2 class='av-special-heading-tag '  itemprop=\"headline\"  >CEHAD<\/h2><div class=\"special-heading-border\"><div class=\"special-heading-inner-border\"><\/div><\/div><\/div>\n\n<\/div><\/div><\/main><!-- close content main element --><\/div><\/div><\/div><div id='av_section_2'  class='avia-section av-j55ts9-c5c2cdddf271b46ebfca562bc5addc9d main_color avia-section-default avia-no-border-styling  avia-builder-el-2  el_after_av_section  avia-builder-el-last  avia-bg-style-scroll container_wrap sidebar_right'  ><div class='container av-section-cont-open' ><div class='template-page content  av-content-small alpha units'><div class='post-entry post-entry-type-page post-entry-7305'><div class='entry-content-wrapper clearfix'>\n\n<style type=\"text\/css\" data-created_by=\"avia_inline_auto\" id=\"style-css-av-1rrw8p-3a8f1b44d071fdc07c7514c366328875\">\n.flex_column.av-1rrw8p-3a8f1b44d071fdc07c7514c366328875{\nborder-radius:0px 0px 0px 0px;\npadding:0px 0px 0px 0px;\n}\n<\/style>\n<div  class='flex_column av-1rrw8p-3a8f1b44d071fdc07c7514c366328875 av_one_fifth  avia-builder-el-3  el_before_av_three_fifth  avia-builder-el-first  first flex_column_div av-zero-column-padding  '     ><\/div>\n<style type=\"text\/css\" data-created_by=\"avia_inline_auto\" id=\"style-css-av-f4fs21-1caa0f374da3ae7946cd70b46158877b\">\n.flex_column.av-f4fs21-1caa0f374da3ae7946cd70b46158877b{\nborder-radius:0px 0px 0px 0px;\npadding:0px 0px 0px 0px;\n}\n<\/style>\n<div  class='flex_column av-f4fs21-1caa0f374da3ae7946cd70b46158877b av_three_fifth  avia-builder-el-4  el_after_av_one_fifth  el_before_av_one_fifth  flex_column_div av-zero-column-padding  '     ><p>\n<style type=\"text\/css\" data-created_by=\"avia_inline_auto\" id=\"style-css-av-ebq1jt-34353ec66391985b041a820a76570892\">\n.avia-image-container.av-ebq1jt-34353ec66391985b041a820a76570892 img.avia_image{\nbox-shadow:none;\n}\n.avia-image-container.av-ebq1jt-34353ec66391985b041a820a76570892 .av-image-caption-overlay-center{\ncolor:#ffffff;\n}\n<\/style>\n<div  class='avia-image-container av-ebq1jt-34353ec66391985b041a820a76570892 av-styling- avia-align-center  avia-builder-el-5  el_before_av_hr  avia-builder-el-first '   itemprop=\"image\" itemscope=\"itemscope\" itemtype=\"https:\/\/schema.org\/ImageObject\" ><div class=\"avia-image-container-inner\"><div class=\"avia-image-overlay-wrap\"><img decoding=\"async\" fetchpriority=\"high\" class='wp-image-7723 avia-img-lazy-loading-not-7723 avia_image ' src=\"https:\/\/humartech.uma.es\/iarthislab\/wp-content\/uploads\/2018\/03\/CEHAD-formate.jpg\" alt='' title=''  height=\"705\" width=\"800\"  itemprop=\"thumbnailUrl\" srcset=\"https:\/\/humartech.uma.es\/iarthislab\/wp-content\/uploads\/2018\/03\/CEHAD-formate.jpg 800w, https:\/\/humartech.uma.es\/iarthislab\/wp-content\/uploads\/2018\/03\/CEHAD-formate-300x264.jpg 300w, https:\/\/humartech.uma.es\/iarthislab\/wp-content\/uploads\/2018\/03\/CEHAD-formate-768x677.jpg 768w, https:\/\/humartech.uma.es\/iarthislab\/wp-content\/uploads\/2018\/03\/CEHAD-formate-705x621.jpg 705w\" sizes=\"(max-width: 800px) 100vw, 800px\" \/><\/div><\/div><\/div><br \/>\n\n<style type=\"text\/css\" data-created_by=\"avia_inline_auto\" id=\"style-css-av-bssq1l-03700fd8e1344f387269aa4b94aa8869\">\n#top .hr.hr-invisible.av-bssq1l-03700fd8e1344f387269aa4b94aa8869{\nheight:50px;\n}\n<\/style>\n<div  class='hr av-bssq1l-03700fd8e1344f387269aa4b94aa8869 hr-invisible  avia-builder-el-6  el_after_av_image  el_before_av_heading '><span class='hr-inner '><span class=\"hr-inner-style\"><\/span><\/span><\/div><br \/>\n\n<style type=\"text\/css\" data-created_by=\"avia_inline_auto\" id=\"style-css-av-av_heading-493355b0ad64a5aec3d2f4425dd7e827\">\n#top .av-special-heading.av-av_heading-493355b0ad64a5aec3d2f4425dd7e827{\npadding-bottom:10px;\n}\nbody .av-special-heading.av-av_heading-493355b0ad64a5aec3d2f4425dd7e827 .av-special-heading-tag .heading-char{\nfont-size:25px;\n}\n.av-special-heading.av-av_heading-493355b0ad64a5aec3d2f4425dd7e827 .av-subheading{\nfont-size:15px;\n}\n<\/style>\n<div  class='av-special-heading av-av_heading-493355b0ad64a5aec3d2f4425dd7e827 av-special-heading-h3  avia-builder-el-7  el_after_av_hr  el_before_av_textblock '><h3 class='av-special-heading-tag '  itemprop=\"headline\"  >CEHAD<\/h3><div class=\"special-heading-border\"><div class=\"special-heading-inner-border\"><\/div><\/div><\/div><br \/>\n<section  class='av_textblock_section av-96qg6h-de01bceae9f1dda14ed87c038fedd347 '   itemscope=\"itemscope\" itemtype=\"https:\/\/schema.org\/CreativeWork\" ><div class='avia_textblock'  itemprop=\"text\" ><p>El establecimiento del paradigma digital como herramienta, motor y nuevo hilo conductor en los proyectos de investigaci\u00f3n que se desarrollen en el \u00e1mbito de la Historia del Arte requiere, como no podr\u00eda ser de otra manera, una adecuada formaci\u00f3n. Sin embargo, la actual situaci\u00f3n de la ense\u00f1anza superior en Espa\u00f1a no contempla dicho requisito. Resulta dif\u00edcil a\u00fan localizar cursos de especializaci\u00f3n o m\u00e1steres con las adecuadas garant\u00edas y el aval de instituciones universitarias que sirvan para introducir al alumnado en el uso correcto y fruct\u00edfero no solo de las TIC en general -para eso s\u00ed que existen muy abundantes opciones-, sino de aquellas tecnolog\u00edas \u00fatiles para la investigaci\u00f3n\u00a0de las Humanidades en general, y de la Historia del Arte en particular.<\/p>\n<p><strong>iArtHis_Lab<\/strong> tiene asumida esta necesidad como uno de sus principales objetivos de trabajo. Por ello, y con el respaldo de la Universidad de M\u00e1laga y de su Departamento de Historia del Arte,en el a\u00f1o 2014 acometi\u00f3\u00a0la tarea de formar a los discentes en el mundo digital.<\/p>\n<\/div><\/section><br \/>\n\n<style type=\"text\/css\" data-created_by=\"avia_inline_auto\" id=\"style-css-av-84ypk9-9ebe03eb995e012498bf9edd38bf1a73\">\n#top .hr.hr-invisible.av-84ypk9-9ebe03eb995e012498bf9edd38bf1a73{\nheight:50px;\n}\n<\/style>\n<div  class='hr av-84ypk9-9ebe03eb995e012498bf9edd38bf1a73 hr-invisible  avia-builder-el-9  el_after_av_textblock  avia-builder-el-last '><span class='hr-inner '><span class=\"hr-inner-style\"><\/span><\/span><\/div><\/p><\/div>\n<style type=\"text\/css\" data-created_by=\"avia_inline_auto\" id=\"style-css-av-3p96jd-c4782a59631bdd3ce2df316f08ff95e9\">\n.flex_column.av-3p96jd-c4782a59631bdd3ce2df316f08ff95e9{\nborder-radius:0px 0px 0px 0px;\npadding:0px 0px 0px 0px;\n}\n<\/style>\n<div  class='flex_column av-3p96jd-c4782a59631bdd3ce2df316f08ff95e9 av_one_fifth  avia-builder-el-10  el_after_av_three_fifth  el_before_av_hr  flex_column_div av-zero-column-padding  '     ><\/div>\n<style type=\"text\/css\" data-created_by=\"avia_inline_auto\" id=\"style-css-av-2hsr3d-83a75866b3e6c7bb899702e08a94bd67\">\n#top .hr.hr-invisible.av-2hsr3d-83a75866b3e6c7bb899702e08a94bd67{\nheight:50px;\n}\n<\/style>\n<div  class='hr av-2hsr3d-83a75866b3e6c7bb899702e08a94bd67 hr-invisible  avia-builder-el-11  el_after_av_one_fifth  avia-builder-el-last '><span class='hr-inner '><span class=\"hr-inner-style\"><\/span><\/span><\/div>\n<\/div><\/div><\/div><!-- close content main div --><\/div><\/div><div id='after_section_2'  class='main_color av_default_container_wrap container_wrap sidebar_right'  ><div class='container av-section-cont-open' ><div class='template-page content  av-content-small alpha units'><div class='post-entry post-entry-type-page post-entry-7305'><div class='entry-content-wrapper clearfix'>\n","protected":false},"excerpt":{"rendered":"","protected":false},"author":1,"featured_media":0,"parent":7297,"menu_order":0,"comment_status":"closed","ping_status":"closed","template":"","meta":{"footnotes":""},"class_list":["post-7305","page","type-page","status-publish","hentry"],"_links":{"self":[{"href":"https:\/\/humartech.uma.es\/iarthislab\/wp-json\/wp\/v2\/pages\/7305","targetHints":{"allow":["GET"]}}],"collection":[{"href":"https:\/\/humartech.uma.es\/iarthislab\/wp-json\/wp\/v2\/pages"}],"about":[{"href":"https:\/\/humartech.uma.es\/iarthislab\/wp-json\/wp\/v2\/types\/page"}],"author":[{"embeddable":true,"href":"https:\/\/humartech.uma.es\/iarthislab\/wp-json\/wp\/v2\/users\/1"}],"replies":[{"embeddable":true,"href":"https:\/\/humartech.uma.es\/iarthislab\/wp-json\/wp\/v2\/comments?post=7305"}],"version-history":[{"count":0,"href":"https:\/\/humartech.uma.es\/iarthislab\/wp-json\/wp\/v2\/pages\/7305\/revisions"}],"up":[{"embeddable":true,"href":"https:\/\/humartech.uma.es\/iarthislab\/wp-json\/wp\/v2\/pages\/7297"}],"wp:attachment":[{"href":"https:\/\/humartech.uma.es\/iarthislab\/wp-json\/wp\/v2\/media?parent=7305"}],"curies":[{"name":"wp","href":"https:\/\/api.w.org\/{rel}","templated":true}]}}